{"id":204,"date":"2022-06-14T15:24:49","date_gmt":"2022-06-14T15:24:49","guid":{"rendered":"http:\/\/mickaelhantzer.com\/?page_id=204"},"modified":"2024-12-27T09:21:01","modified_gmt":"2024-12-27T09:21:01","slug":"mariage-chloe-mathias","status":"publish","type":"page","link":"https:\/\/mickaelhantzer.com\/en\/portfolio\/mariage-chloe-mathias\/","title":{"rendered":"CHLO\u00c9 AND MATHIAS WEDDING"},"content":{"rendered":"<p>[et_pb_section fb_built=\u00a0\u00bb1&Prime; admin_label=\u00a0\u00bbsection\u00a0\u00bb _builder_version=\u00a0\u00bb4.16&Prime; global_colors_info=\u00a0\u00bb{}\u00a0\u00bb][et_pb_row _builder_version=\u00a0\u00bb4.27.3&Prime; _module_preset=\u00a0\u00bbdefault\u00a0\u00bb global_colors_info=\u00a0\u00bb{}\u00a0\u00bb][et_pb_column type=\u00a0\u00bb4_4&Prime; _builder_version=\u00a0\u00bb4.27.3&Prime; _module_preset=\u00a0\u00bbdefault\u00a0\u00bb global_colors_info=\u00a0\u00bb{}\u00a0\u00bb][et_pb_post_title meta=\u00a0\u00bboff\u00a0\u00bb featured_image=\u00a0\u00bboff\u00a0\u00bb _builder_version=\u00a0\u00bb4.27.3&Prime; _module_preset=\u00a0\u00bbdefault\u00a0\u00bb title_font=\u00a0\u00bb|||on|||||\u00a0\u00bb title_text_align=\u00a0\u00bbcenter\u00a0\u00bb global_colors_info=\u00a0\u00bb{}\u00a0\u00bb][\/et_pb_post_title][\/et_pb_column][\/et_pb_row][et_pb_row column_structure=\u00a0\u00bb1_2,1_2&Prime; admin_label=\u00a0\u00bbrow\u00a0\u00bb _builder_version=\u00a0\u00bb4.16&Prime; background_size=\u00a0\u00bbinitial\u00a0\u00bb background_position=\u00a0\u00bbtop_left\u00a0\u00bb background_repeat=\u00a0\u00bbrepeat\u00a0\u00bb global_colors_info=\u00a0\u00bb{}\u00a0\u00bb][et_pb_column type=\u00a0\u00bb1_2&Prime; _builder_version=\u00a0\u00bb4.16&Prime; custom_padding=\u00a0\u00bb|||\u00a0\u00bb global_colors_info=\u00a0\u00bb{}\u00a0\u00bb custom_padding__hover=\u00a0\u00bb|||\u00a0\u00bb][et_pb_image src=\u00a0\u00bbhttp:\/\/mickaelhantzer.com\/wp-content\/uploads\/2022\/06\/mariage_provence_paca_mickaelhantzer_fineart_frenchriviera-24.jpg\u00a0\u00bb title_text=\u00a0\u00bbmariage_provence_paca_mickaelhantzer_fineart_frenchriviera-24&Prime; _builder_version=\u00a0\u00bb4.16&Prime; _module_preset=\u00a0\u00bbdefault\u00a0\u00bb global_colors_info=\u00a0\u00bb{}\u00a0\u00bb][\/et_pb_image][\/et_pb_column][et_pb_column type=\u00a0\u00bb1_2&Prime; _builder_version=\u00a0\u00bb4.16&Prime; custom_padding=\u00a0\u00bb|||\u00a0\u00bb global_colors_info=\u00a0\u00bb{}\u00a0\u00bb custom_padding__hover=\u00a0\u00bb|||\u00a0\u00bb][et_pb_image src=\u00a0\u00bbhttp:\/\/mickaelhantzer.com\/wp-content\/uploads\/2022\/06\/mariage_provence_paca_mickaelhantzer_fineart_frenchriviera-27.jpg\u00a0\u00bb title_text=\u00a0\u00bbmariage_provence_paca_mickaelhantzer_fineart_frenchriviera-27&Prime; _builder_version=\u00a0\u00bb4.16&Prime; _module_preset=\u00a0\u00bbdefault\u00a0\u00bb global_colors_info=\u00a0\u00bb{}\u00a0\u00bb][\/et_pb_image][\/et_pb_column][\/et_pb_row][et_pb_row column_structure=\u00a0\u00bb1_3,1_3,1_3&Prime; _builder_version=\u00a0\u00bb4.16&Prime; _module_preset=\u00a0\u00bbdefault\u00a0\u00bb global_colors_info=\u00a0\u00bb{}\u00a0\u00bb][et_pb_column type=\u00a0\u00bb1_3&Prime; _builder_version=\u00a0\u00bb4.16&Prime; _module_preset=\u00a0\u00bbdefault\u00a0\u00bb global_colors_info=\u00a0\u00bb{}\u00a0\u00bb][et_pb_image src=\u00a0\u00bbhttp:\/\/mickaelhantzer.com\/wp-content\/uploads\/2022\/06\/mariage_provence_paca_mickaelhantzer_fineart_frenchriviera-16.jpg\u00a0\u00bb title_text=\u00a0\u00bbmariage_provence_paca_mickaelhantzer_fineart_frenchriviera-16&Prime; _builder_version=\u00a0\u00bb4.16&Prime; _module_preset=\u00a0\u00bbdefault\u00a0\u00bb global_colors_info=\u00a0\u00bb{}\u00a0\u00bb][\/et_pb_image][\/et_pb_column][et_pb_column type=\u00a0\u00bb1_3&Prime; _builder_version=\u00a0\u00bb4.16&Prime; _module_preset=\u00a0\u00bbdefault\u00a0\u00bb global_colors_info=\u00a0\u00bb{}\u00a0\u00bb][et_pb_image src=\u00a0\u00bbhttp:\/\/mickaelhantzer.com\/wp-content\/uploads\/2022\/07\/mariage_provence_paca_mickaelhantzer_fineart_frenchriviera-19-2.jpg\u00a0\u00bb title_text=\u00a0\u00bbmariage_provence_paca_mickaelhantzer_fineart_frenchriviera-19&Prime; _builder_version=\u00a0\u00bb4.17.4&Prime; _module_preset=\u00a0\u00bbdefault\u00a0\u00bb global_colors_info=\u00a0\u00bb{}\u00a0\u00bb][\/et_pb_image][\/et_pb_column][et_pb_column type=\u00a0\u00bb1_3&Prime; _builder_version=\u00a0\u00bb4.16&Prime; _module_preset=\u00a0\u00bbdefault\u00a0\u00bb global_colors_info=\u00a0\u00bb{}\u00a0\u00bb][et_pb_image src=\u00a0\u00bbhttp:\/\/mickaelhantzer.com\/wp-content\/uploads\/2022\/07\/mariage_provence_paca_mickaelhantzer_fineart_frenchriviera-22-2.jpg\u00a0\u00bb title_text=\u00a0\u00bbmariage_provence_paca_mickaelhantzer_fineart_frenchriviera-22&Prime; _builder_version=\u00a0\u00bb4.17.4&Prime; _module_preset=\u00a0\u00bbdefault\u00a0\u00bb global_colors_info=\u00a0\u00bb{}\u00a0\u00bb][\/et_pb_image][\/et_pb_column][\/et_pb_row][et_pb_row _builder_version=\u00a0\u00bb4.16&Prime; _module_preset=\u00a0\u00bbdefault\u00a0\u00bb global_colors_info=\u00a0\u00bb{}\u00a0\u00bb][et_pb_column type=\u00a0\u00bb4_4&Prime; _builder_version=\u00a0\u00bb4.16&Prime; _module_preset=\u00a0\u00bbdefault\u00a0\u00bb global_colors_info=\u00a0\u00bb{}\u00a0\u00bb][et_pb_image src=\u00a0\u00bbhttp:\/\/mickaelhantzer.com\/wp-content\/uploads\/2022\/06\/mariage_provence_paca_mickaelhantzer_fineart_frenchriviera-26.jpg\u00a0\u00bb title_text=\u00a0\u00bbmariage_provence_paca_mickaelhantzer_fineart_frenchriviera-26&Prime; _builder_version=\u00a0\u00bb4.16&Prime; _module_preset=\u00a0\u00bbdefault\u00a0\u00bb global_colors_info=\u00a0\u00bb{}\u00a0\u00bb][\/et_pb_image][\/et_pb_column][\/et_pb_row][et_pb_row column_structure=\u00a0\u00bb1_2,1_2&Prime; _builder_version=\u00a0\u00bb4.16&Prime; _module_preset=\u00a0\u00bbdefault\u00a0\u00bb global_colors_info=\u00a0\u00bb{}\u00a0\u00bb][et_pb_column type=\u00a0\u00bb1_2&Prime; _builder_version=\u00a0\u00bb4.16&Prime; _module_preset=\u00a0\u00bbdefault\u00a0\u00bb global_colors_info=\u00a0\u00bb{}\u00a0\u00bb][et_pb_image src=\u00a0\u00bbhttp:\/\/mickaelhantzer.com\/wp-content\/uploads\/2022\/07\/mariage_provence_paca_mickaelhantzer_fineart_frenchriviera-7-3.jpg\u00a0\u00bb title_text=\u00a0\u00bbmariage_provence_paca_mickaelhantzer_fineart_frenchriviera-7&Prime; _builder_version=\u00a0\u00bb4.17.4&Prime; _module_preset=\u00a0\u00bbdefault\u00a0\u00bb global_colors_info=\u00a0\u00bb{}\u00a0\u00bb][\/et_pb_image][\/et_pb_column][et_pb_column type=\u00a0\u00bb1_2&Prime; _builder_version=\u00a0\u00bb4.16&Prime; _module_preset=\u00a0\u00bbdefault\u00a0\u00bb global_colors_info=\u00a0\u00bb{}\u00a0\u00bb][et_pb_image src=\u00a0\u00bbhttp:\/\/mickaelhantzer.com\/wp-content\/uploads\/2022\/07\/mariage_provence_paca_mickaelhantzer_fineart_frenchriviera-10-3.jpg\u00a0\u00bb title_text=\u00a0\u00bbmariage_provence_paca_mickaelhantzer_fineart_frenchriviera-10&Prime; _builder_version=\u00a0\u00bb4.17.4&Prime; _module_preset=\u00a0\u00bbdefault\u00a0\u00bb global_colors_info=\u00a0\u00bb{}\u00a0\u00bb][\/et_pb_image][\/et_pb_column][\/et_pb_row][et_pb_row column_structure=\u00a0\u00bb1_3,1_3,1_3&Prime; _builder_version=\u00a0\u00bb4.16&Prime; _module_preset=\u00a0\u00bbdefault\u00a0\u00bb global_colors_info=\u00a0\u00bb{}\u00a0\u00bb][et_pb_column type=\u00a0\u00bb1_3&Prime; _builder_version=\u00a0\u00bb4.16&Prime; _module_preset=\u00a0\u00bbdefault\u00a0\u00bb global_colors_info=\u00a0\u00bb{}\u00a0\u00bb][et_pb_image src=\u00a0\u00bbhttp:\/\/mickaelhantzer.com\/wp-content\/uploads\/2022\/06\/mariage_provence_paca_mickaelhantzer_fineart_frenchriviera-5.jpg\u00a0\u00bb title_text=\u00a0\u00bbmariage_provence_paca_mickaelhantzer_fineart_frenchriviera-5&Prime; _builder_version=\u00a0\u00bb4.16&Prime; _module_preset=\u00a0\u00bbdefault\u00a0\u00bb global_colors_info=\u00a0\u00bb{}\u00a0\u00bb][\/et_pb_image][\/et_pb_column][et_pb_column type=\u00a0\u00bb1_3&Prime; _builder_version=\u00a0\u00bb4.16&Prime; _module_preset=\u00a0\u00bbdefault\u00a0\u00bb global_colors_info=\u00a0\u00bb{}\u00a0\u00bb][et_pb_image src=\u00a0\u00bbhttp:\/\/mickaelhantzer.com\/wp-content\/uploads\/2022\/06\/mariage_provence_paca_mickaelhantzer_fineart_frenchriviera-2.jpg\u00a0\u00bb title_text=\u00a0\u00bbmariage_provence_paca_mickaelhantzer_fineart_frenchriviera-2&Prime; _builder_version=\u00a0\u00bb4.16&Prime; _module_preset=\u00a0\u00bbdefault\u00a0\u00bb global_colors_info=\u00a0\u00bb{}\u00a0\u00bb][\/et_pb_image][\/et_pb_column][et_pb_column type=\u00a0\u00bb1_3&Prime; _builder_version=\u00a0\u00bb4.16&Prime; _module_preset=\u00a0\u00bbdefault\u00a0\u00bb global_colors_info=\u00a0\u00bb{}\u00a0\u00bb][et_pb_image src=\u00a0\u00bbhttp:\/\/mickaelhantzer.com\/wp-content\/uploads\/2022\/06\/mariage_provence_paca_mickaelhantzer_fineart_frenchriviera-4.jpg\u00a0\u00bb title_text=\u00a0\u00bbmariage_provence_paca_mickaelhantzer_fineart_frenchriviera-4&Prime; _builder_version=\u00a0\u00bb4.16&Prime; _module_preset=\u00a0\u00bbdefault\u00a0\u00bb global_colors_info=\u00a0\u00bb{}\u00a0\u00bb][\/et_pb_image][\/et_pb_column][\/et_pb_row][et_pb_row column_structure=\u00a0\u00bb1_3,1_3,1_3&Prime; _builder_version=\u00a0\u00bb4.16&Prime; _module_preset=\u00a0\u00bbdefault\u00a0\u00bb global_colors_info=\u00a0\u00bb{}\u00a0\u00bb][et_pb_column type=\u00a0\u00bb1_3&Prime; _builder_version=\u00a0\u00bb4.16&Prime; _module_preset=\u00a0\u00bbdefault\u00a0\u00bb global_colors_info=\u00a0\u00bb{}\u00a0\u00bb][et_pb_image src=\u00a0\u00bbhttps:\/\/mickaelhantzer.com\/wp-content\/uploads\/2024\/12\/sans-titre-4-Copie-scaled.jpg\u00a0\u00bb title_text=\u00a0\u00bbsans titre-4 &#8211; Copie\u00a0\u00bb _builder_version=\u00a0\u00bb4.27.3&Prime; _module_preset=\u00a0\u00bbdefault\u00a0\u00bb hover_enabled=\u00a0\u00bb0&Prime; global_colors_info=\u00a0\u00bb{}\u00a0\u00bb sticky_enabled=\u00a0\u00bb0&Prime;][\/et_pb_image][\/et_pb_column][et_pb_column type=\u00a0\u00bb1_3&Prime; _builder_version=\u00a0\u00bb4.16&Prime; _module_preset=\u00a0\u00bbdefault\u00a0\u00bb global_colors_info=\u00a0\u00bb{}\u00a0\u00bb][et_pb_image src=\u00a0\u00bbhttps:\/\/mickaelhantzer.com\/wp-content\/uploads\/2024\/12\/sans-titre-12-Copie-scaled.jpg\u00a0\u00bb title_text=\u00a0\u00bbsans titre-12 &#8211; Copie\u00a0\u00bb _builder_version=\u00a0\u00bb4.27.3&Prime; _module_preset=\u00a0\u00bbdefault\u00a0\u00bb hover_enabled=\u00a0\u00bb0&Prime; global_colors_info=\u00a0\u00bb{}\u00a0\u00bb sticky_enabled=\u00a0\u00bb0&Prime;][\/et_pb_image][\/et_pb_column][et_pb_column type=\u00a0\u00bb1_3&Prime; _builder_version=\u00a0\u00bb4.16&Prime; _module_preset=\u00a0\u00bbdefault\u00a0\u00bb global_colors_info=\u00a0\u00bb{}\u00a0\u00bb][et_pb_image src=\u00a0\u00bbhttps:\/\/mickaelhantzer.com\/wp-content\/uploads\/2024\/12\/sans-titre-11-scaled.jpg\u00a0\u00bb title_text=\u00a0\u00bbsans titre-11&Prime; _builder_version=\u00a0\u00bb4.27.3&Prime; _module_preset=\u00a0\u00bbdefault\u00a0\u00bb hover_enabled=\u00a0\u00bb0&Prime; global_colors_info=\u00a0\u00bb{}\u00a0\u00bb sticky_enabled=\u00a0\u00bb0&Prime;][\/et_pb_image][\/et_pb_column][\/et_pb_row][et_pb_row column_structure=\u00a0\u00bb1_2,1_2&Prime; _builder_version=\u00a0\u00bb4.16&Prime; _module_preset=\u00a0\u00bbdefault\u00a0\u00bb global_colors_info=\u00a0\u00bb{}\u00a0\u00bb][et_pb_column type=\u00a0\u00bb1_2&Prime; _builder_version=\u00a0\u00bb4.16&Prime; _module_preset=\u00a0\u00bbdefault\u00a0\u00bb global_colors_info=\u00a0\u00bb{}\u00a0\u00bb][et_pb_image src=\u00a0\u00bbhttps:\/\/mickaelhantzer.com\/wp-content\/uploads\/2022\/07\/mariage_provence_paca_mickaelhantzer_fineart_frenchriviera-29-2.jpg\u00a0\u00bb title_text=\u00a0\u00bbmariage_provence_paca_mickaelhantzer_fineart_frenchriviera-29&Prime; _builder_version=\u00a0\u00bb4.27.3&Prime; _module_preset=\u00a0\u00bbdefault\u00a0\u00bb hover_enabled=\u00a0\u00bb0&Prime; global_colors_info=\u00a0\u00bb{}\u00a0\u00bb sticky_enabled=\u00a0\u00bb0&Prime;][\/et_pb_image][\/et_pb_column][et_pb_column type=\u00a0\u00bb1_2&Prime; _builder_version=\u00a0\u00bb4.16&Prime; _module_preset=\u00a0\u00bbdefault\u00a0\u00bb global_colors_info=\u00a0\u00bb{}\u00a0\u00bb][et_pb_image src=\u00a0\u00bbhttp:\/\/mickaelhantzer.com\/wp-content\/uploads\/2022\/07\/mariage_provence_paca_mickaelhantzer_fineart_frenchriviera-11-3.jpg\u00a0\u00bb title_text=\u00a0\u00bbmariage_provence_paca_mickaelhantzer_fineart_frenchriviera-11&Prime; _builder_version=\u00a0\u00bb4.17.4&Prime; _module_preset=\u00a0\u00bbdefault\u00a0\u00bb global_colors_info=\u00a0\u00bb{}\u00a0\u00bb][\/et_pb_image][\/et_pb_column][\/et_pb_row][\/et_pb_section]<\/p>","protected":false},"excerpt":{"rendered":"","protected":false},"author":1,"featured_media":0,"parent":14,"menu_order":0,"comment_status":"closed","ping_status":"closed","template":"","meta":{"_et_pb_use_builder":"on","_et_pb_old_content":"","_et_gb_content_width":"","_monsterinsights_skip_tracking":false,"_monsterinsights_sitenote_active":false,"_monsterinsights_sitenote_note":"","_monsterinsights_sitenote_category":0,"footnotes":""},"class_list":["post-204","page","type-page","status-publish","hentry"],"yoast_head":"<!-- This site is optimized with the Yoast SEO plugin v24.0 - https:\/\/yoast.com\/wordpress\/plugins\/seo\/ -->\n<title>Mariage Chlo\u00e9 et Mathias - Photographe mariage Toulon-Hy\u00e8res, Var<\/title>\n<meta name=\"description\" content=\"Mariage intimiste de Chlo\u00e9 &amp; Mathias \u00e0 Saint-Jean-Cap-Ferrat en Provence. Session engagement dans une ambiance simple, classe et \u00e9pur\u00e9e.\" \/>\n<meta name=\"robots\" content=\"index, follow, max-snippet:-1, max-image-preview:large, max-video-preview:-1\" \/>\n<link rel=\"canonical\" href=\"https:\/\/mickaelhantzer.com\/en\/portfolio\/mariage-chloe-mathias\/\" \/>\n<meta property=\"og:locale\" content=\"en_GB\" \/>\n<meta property=\"og:type\" content=\"article\" \/>\n<meta property=\"og:title\" content=\"Mariage Chlo\u00e9 et Mathias - Photographe mariage Toulon-Hy\u00e8res, Var\" \/>\n<meta property=\"og:description\" content=\"Mariage intimiste de Chlo\u00e9 &amp; Mathias \u00e0 Saint-Jean-Cap-Ferrat en Provence. Session engagement dans une ambiance simple, classe et \u00e9pur\u00e9e.\" \/>\n<meta property=\"og:url\" content=\"https:\/\/mickaelhantzer.com\/en\/portfolio\/mariage-chloe-mathias\/\" \/>\n<meta property=\"og:site_name\" content=\"Photographe mariage Toulon-Hy\u00e8res, Var\" \/>\n<meta property=\"article:modified_time\" content=\"2024-12-27T09:21:01+00:00\" \/>\n<meta name=\"twitter:card\" content=\"summary_large_image\" \/>\n<meta name=\"twitter:label1\" content=\"Estimated reading time\" \/>\n\t<meta name=\"twitter:data1\" content=\"3 minutes\" \/>\n<script type=\"application\/ld+json\" class=\"yoast-schema-graph\">{\"@context\":\"https:\/\/schema.org\",\"@graph\":[{\"@type\":\"WebPage\",\"@id\":\"https:\/\/mickaelhantzer.com\/portfolio\/mariage-chloe-mathias\/\",\"url\":\"https:\/\/mickaelhantzer.com\/portfolio\/mariage-chloe-mathias\/\",\"name\":\"Mariage Chlo\u00e9 et Mathias - Photographe mariage Toulon-Hy\u00e8res, Var\",\"isPartOf\":{\"@id\":\"https:\/\/mickaelhantzer.com\/#website\"},\"datePublished\":\"2022-06-14T15:24:49+00:00\",\"dateModified\":\"2024-12-27T09:21:01+00:00\",\"description\":\"Mariage intimiste de Chlo\u00e9 & Mathias \u00e0 Saint-Jean-Cap-Ferrat en Provence. Session engagement dans une ambiance simple, classe et \u00e9pur\u00e9e.\",\"breadcrumb\":{\"@id\":\"https:\/\/mickaelhantzer.com\/portfolio\/mariage-chloe-mathias\/#breadcrumb\"},\"inLanguage\":\"en-GB\",\"potentialAction\":[{\"@type\":\"ReadAction\",\"target\":[\"https:\/\/mickaelhantzer.com\/portfolio\/mariage-chloe-mathias\/\"]}]},{\"@type\":\"BreadcrumbList\",\"@id\":\"https:\/\/mickaelhantzer.com\/portfolio\/mariage-chloe-mathias\/#breadcrumb\",\"itemListElement\":[{\"@type\":\"ListItem\",\"position\":1,\"name\":\"Accueil\",\"item\":\"https:\/\/mickaelhantzer.com\/\"},{\"@type\":\"ListItem\",\"position\":2,\"name\":\"Portfolio\",\"item\":\"https:\/\/mickaelhantzer.com\/portfolio\/\"},{\"@type\":\"ListItem\",\"position\":3,\"name\":\"Mariage Chlo\u00e9 et Mathias\"}]},{\"@type\":\"WebSite\",\"@id\":\"https:\/\/mickaelhantzer.com\/#website\",\"url\":\"https:\/\/mickaelhantzer.com\/\",\"name\":\"Photographe mariage Toulon-Hy\u00e8res, Var\",\"description\":\"Mickael Hantzer\",\"alternateName\":\"Photographe de Mariage en Provence Var - Toulon Hyeres\",\"potentialAction\":[{\"@type\":\"SearchAction\",\"target\":{\"@type\":\"EntryPoint\",\"urlTemplate\":\"https:\/\/mickaelhantzer.com\/?s={search_term_string}\"},\"query-input\":{\"@type\":\"PropertyValueSpecification\",\"valueRequired\":true,\"valueName\":\"search_term_string\"}}],\"inLanguage\":\"en-GB\"}]}<\/script>\n<!-- \/ Yoast SEO plugin. -->","yoast_head_json":{"title":"Mariage Chlo\u00e9 et Mathias - Photographe mariage Toulon-Hy\u00e8res, Var","description":"Mariage intimiste de Chlo\u00e9 & Mathias \u00e0 Saint-Jean-Cap-Ferrat en Provence. Session engagement dans une ambiance simple, classe et \u00e9pur\u00e9e.","robots":{"index":"index","follow":"follow","max-snippet":"max-snippet:-1","max-image-preview":"max-image-preview:large","max-video-preview":"max-video-preview:-1"},"canonical":"https:\/\/mickaelhantzer.com\/en\/portfolio\/mariage-chloe-mathias\/","og_locale":"en_GB","og_type":"article","og_title":"Mariage Chlo\u00e9 et Mathias - Photographe mariage Toulon-Hy\u00e8res, Var","og_description":"Mariage intimiste de Chlo\u00e9 & Mathias \u00e0 Saint-Jean-Cap-Ferrat en Provence. Session engagement dans une ambiance simple, classe et \u00e9pur\u00e9e.","og_url":"https:\/\/mickaelhantzer.com\/en\/portfolio\/mariage-chloe-mathias\/","og_site_name":"Photographe mariage Toulon-Hy\u00e8res, Var","article_modified_time":"2024-12-27T09:21:01+00:00","twitter_card":"summary_large_image","twitter_misc":{"Estimated reading time":"3 minutes"},"schema":{"@context":"https:\/\/schema.org","@graph":[{"@type":"WebPage","@id":"https:\/\/mickaelhantzer.com\/portfolio\/mariage-chloe-mathias\/","url":"https:\/\/mickaelhantzer.com\/portfolio\/mariage-chloe-mathias\/","name":"Mariage Chlo\u00e9 et Mathias - Photographe mariage Toulon-Hy\u00e8res, Var","isPartOf":{"@id":"https:\/\/mickaelhantzer.com\/#website"},"datePublished":"2022-06-14T15:24:49+00:00","dateModified":"2024-12-27T09:21:01+00:00","description":"Mariage intimiste de Chlo\u00e9 & Mathias \u00e0 Saint-Jean-Cap-Ferrat en Provence. Session engagement dans une ambiance simple, classe et \u00e9pur\u00e9e.","breadcrumb":{"@id":"https:\/\/mickaelhantzer.com\/portfolio\/mariage-chloe-mathias\/#breadcrumb"},"inLanguage":"en-GB","potentialAction":[{"@type":"ReadAction","target":["https:\/\/mickaelhantzer.com\/portfolio\/mariage-chloe-mathias\/"]}]},{"@type":"BreadcrumbList","@id":"https:\/\/mickaelhantzer.com\/portfolio\/mariage-chloe-mathias\/#breadcrumb","itemListElement":[{"@type":"ListItem","position":1,"name":"Accueil","item":"https:\/\/mickaelhantzer.com\/"},{"@type":"ListItem","position":2,"name":"Portfolio","item":"https:\/\/mickaelhantzer.com\/portfolio\/"},{"@type":"ListItem","position":3,"name":"Mariage Chlo\u00e9 et Mathias"}]},{"@type":"WebSite","@id":"https:\/\/mickaelhantzer.com\/#website","url":"https:\/\/mickaelhantzer.com\/","name":"Photographe mariage Toulon-Hy\u00e8res, Var","description":"Mickael Hantzer","alternateName":"Photographe de Mariage en Provence Var - Toulon Hyeres","potentialAction":[{"@type":"SearchAction","target":{"@type":"EntryPoint","urlTemplate":"https:\/\/mickaelhantzer.com\/?s={search_term_string}"},"query-input":{"@type":"PropertyValueSpecification","valueRequired":true,"valueName":"search_term_string"}}],"inLanguage":"en-GB"}]}},"_links":{"self":[{"href":"https:\/\/mickaelhantzer.com\/en\/wp-json\/wp\/v2\/pages\/204","targetHints":{"allow":["GET"]}}],"collection":[{"href":"https:\/\/mickaelhantzer.com\/en\/wp-json\/wp\/v2\/pages"}],"about":[{"href":"https:\/\/mickaelhantzer.com\/en\/wp-json\/wp\/v2\/types\/page"}],"author":[{"embeddable":true,"href":"https:\/\/mickaelhantzer.com\/en\/wp-json\/wp\/v2\/users\/1"}],"replies":[{"embeddable":true,"href":"https:\/\/mickaelhantzer.com\/en\/wp-json\/wp\/v2\/comments?post=204"}],"version-history":[{"count":14,"href":"https:\/\/mickaelhantzer.com\/en\/wp-json\/wp\/v2\/pages\/204\/revisions"}],"predecessor-version":[{"id":1509,"href":"https:\/\/mickaelhantzer.com\/en\/wp-json\/wp\/v2\/pages\/204\/revisions\/1509"}],"up":[{"embeddable":true,"href":"https:\/\/mickaelhantzer.com\/en\/wp-json\/wp\/v2\/pages\/14"}],"wp:attachment":[{"href":"https:\/\/mickaelhantzer.com\/en\/wp-json\/wp\/v2\/media?parent=204"}],"curies":[{"name":"wp","href":"https:\/\/api.w.org\/{rel}","templated":true}]}}