{"id":324,"date":"2022-06-30T15:07:07","date_gmt":"2022-06-30T15:07:07","guid":{"rendered":"https:\/\/mickaelhantzer.com\/?page_id=324"},"modified":"2024-12-27T09:22:45","modified_gmt":"2024-12-27T09:22:45","slug":"mentions-legales","status":"publish","type":"page","link":"https:\/\/mickaelhantzer.com\/en\/services\/mentions-legales\/","title":{"rendered":"Mentions l\u00e9gales"},"content":{"rendered":"<p>[et_pb_section fb_built=\u00a0\u00bb1&Prime; _builder_version=\u00a0\u00bb4.17.4&Prime; _module_preset=\u00a0\u00bbdefault\u00a0\u00bb global_colors_info=\u00a0\u00bb{}\u00a0\u00bb][et_pb_row _builder_version=\u00a0\u00bb4.27.3&Prime; _module_preset=\u00a0\u00bbdefault\u00a0\u00bb global_colors_info=\u00a0\u00bb{}\u00a0\u00bb][et_pb_column type=\u00a0\u00bb4_4&Prime; _builder_version=\u00a0\u00bb4.27.3&Prime; _module_preset=\u00a0\u00bbdefault\u00a0\u00bb global_colors_info=\u00a0\u00bb{}\u00a0\u00bb][et_pb_text _builder_version=\u00a0\u00bb4.27.3&Prime; _module_preset=\u00a0\u00bbdefault\u00a0\u00bb global_colors_info=\u00a0\u00bb{}\u00a0\u00bb]<\/p>\n<h1 style=\"text-align: center;\">LEGAL NOTICES<\/h1>\n<p>[\/et_pb_text][\/et_pb_column][\/et_pb_row][et_pb_row _builder_version=\u00a0\u00bb4.17.4&Prime; _module_preset=\u00a0\u00bbdefault\u00a0\u00bb global_colors_info=\u00a0\u00bb{}\u00a0\u00bb][et_pb_column type=\u00a0\u00bb4_4&Prime; _builder_version=\u00a0\u00bb4.17.4&Prime; _module_preset=\u00a0\u00bbdefault\u00a0\u00bb global_colors_info=\u00a0\u00bb{}\u00a0\u00bb][et_pb_text _builder_version=\u00a0\u00bb4.27.3&Prime; _module_preset=\u00a0\u00bbdefault\u00a0\u00bb global_colors_info=\u00a0\u00bb{}\u00a0\u00bb]<\/p>\n<h2><span id=\"lwptoc20\">1 \u2013 Editing the site<\/span><\/h2>\n<p>Under Article 6 of Law No. 2004-575 of June 21, 2004 for confidence in the digital economy, users of the website are informed <strong><span class=\"ff_dynamic_value\" data-ref=\"url\" data-fallback=\"\">https:\/\/mickaelhantzer.com<\/span><\/strong> the identity of the various stakeholders in the context of its implementation and monitoring:<\/p>\n<p><strong>Site owner: <\/strong><span class=\"ff_dynamic_value\" data-ref=\"nom_proprietaire\" data-fallback=\"\">HANTZER Mickael &#8211; R\u00e9miniscence Photo<\/span> &#8211; Contact : <span class=\"ff_dynamic_value\" data-ref=\"e_mail_contact\" data-fallback=\"\">hantzer.mickael@orange.fr<\/span> <span class=\"ff_dynamic_value\" data-ref=\"telephone\" data-fallback=\"\">06 40 11 47 66<\/span> - Address : <span class=\"ff_dynamic_value\" data-ref=\"adresse_postale\" data-fallback=\"\">200 rue des pins parasols, 83260 La Crau<\/span>.<\/p>\n<p><strong>Company identification:<\/strong> <span class=\"ff_dynamic_value\" data-ref=\"forme_juridique\" data-fallback=\"\">Self-employed craftsman<\/span> <span class=\"ff_dynamic_value\" data-ref=\"nom_proprietaire\" data-fallback=\"\">HANTZER Mickael &#8211; R\u00e9miniscence Photo<\/span> to the share capital of <span class=\"ff_dynamic_value\" data-ref=\"capital_social\" data-fallback=\"\"><\/span>\u20ac &#8211; SIREN : <span class=\"ff_dynamic_value\" data-ref=\"siren\" data-fallback=\"\">423152842<\/span> \u2013 RCS or RM : <span class=\"ff_dynamic_value\" data-ref=\"rcs\" data-fallback=\"\"><\/span>\u2013 Postal address: <span class=\"ff_dynamic_value\" data-ref=\"adresse_postale\" data-fallback=\"\">200 rue des pins parasols, 83260 La Crau<\/span><\/p>\n<p><strong>Host:<\/strong> <span class=\"ff_dynamic_value\" data-ref=\"nom_hebergeur\" data-fallback=\"\">Hostinger<\/span> <span class=\"ff_dynamic_value\" data-ref=\"adresse_hebergeur\" data-fallback=\"\">HOSTINGER INTERNATIONAL LTD, 61 Lordou Vironos Street 6023 Larnaca, Chypre fr@hostinger.com<\/span><span class=\"ff_dynamic_value\" data-ref=\"telephone_hebergeur\" data-fallback=\"\"><\/span><\/p>\n<p><strong>Data Protection Officer: <\/strong><span class=\"ff_dynamic_value\" data-ref=\"dpo\" data-fallback=\"\">Mickael HANTZER<\/span> &#8211; <span class=\"ff_dynamic_value\" data-ref=\"contact_dpo\" data-fallback=\"\">hanter.mickael@orange.fr<\/span><\/p>\n<p><span class=\"ff_dynamic_value\" data-ref=\"autres_contributeurs\" data-fallback=\"\"><\/span><\/p>\n<hr class=\"wp-block-separator\" \/>\n<h2><span id=\"lwptoc21\">2 \u2013 Intellectual property and counterfeits.<\/span><\/h2>\n<p><strong><span class=\"ff_dynamic_value\" data-ref=\"nom_proprietaire\" data-fallback=\"\">HANTZER Mickael &#8211; R\u00e9miniscence Photo<\/span><\/strong> is the owner of the intellectual property rights and holds the usage rights on all elements accessible on the website, in particular texts, images, graphics, logos, videos, architecture, icons and sounds.<\/p>\n<p>Any reproduction, representation, modification, publication, adaptation of all or part of the elements of the site, whatever the means or process used, is prohibited without prior written authorization from <strong><span class=\"ff_dynamic_value\" data-ref=\"nom_proprietaire\" data-fallback=\"\">HANTZER Mickael &#8211; R\u00e9miniscence Photo<\/span><\/strong>.<\/p>\n<p>Any unauthorized use of the site or any of the elements it contains will be considered as constituting an infringement and prosecuted in accordance with the provisions of articles L.335-2 et seq. of the Intellectual Property Code.<\/p>\n<hr class=\"wp-block-separator\" \/>\n<h2><span id=\"lwptoc22\">3 \u2013 Limitations of liability.<\/span><\/h2>\n<p><strong><span class=\"ff_dynamic_value\" data-ref=\"nom_proprietaire\" data-fallback=\"\">HANTZER Mickael &#8211; R\u00e9miniscence Photo<\/span><\/strong> cannot be held responsible for direct or indirect damage caused to the user's equipment when accessing the site. <strong><span class=\"ff_dynamic_value\" data-ref=\"url\" data-fallback=\"\">https:\/\/mickaelhantzer.com<\/span><\/strong>.<\/p>\n<p><strong><span class=\"ff_dynamic_value\" data-ref=\"nom_proprietaire\" data-fallback=\"\">HANTZER Mickael &#8211; R\u00e9miniscence Photo<\/span><\/strong> declines all responsibility for the use that may be made of the information and content present on <strong><span class=\"ff_dynamic_value\" data-ref=\"url\" data-fallback=\"\">https:\/\/mickaelhantzer.com<\/span><\/strong>.<\/p>\n<p><strong><span class=\"ff_dynamic_value\" data-ref=\"nom_proprietaire\" data-fallback=\"\">HANTZER Mickael &#8211; R\u00e9miniscence Photo<\/span><\/strong> undertakes to secure the site as best as possible <strong><span class=\"ff_dynamic_value\" data-ref=\"url\" data-fallback=\"\">https:\/\/mickaelhantzer.com<\/span><\/strong>, however its liability cannot be called into question if unwanted data is imported and installed on its site without its knowledge.<\/p>\n<p>Interactive spaces (contact space or comments) are available to users. <strong><span class=\"ff_dynamic_value\" data-ref=\"nom_proprietaire\" data-fallback=\"\">HANTZER Mickael &#8211; R\u00e9miniscence Photo<\/span><\/strong> reserves the right to delete, without prior notice, any content posted in this space which contravenes the legislation applicable in France, in particular the provisions relating to data protection.<\/p>\n<p>If applicable, <strong><span class=\"ff_dynamic_value\" data-ref=\"nom_proprietaire\" data-fallback=\"\">HANTZER Mickael &#8211; R\u00e9miniscence Photo<\/span><\/strong> also reserves the possibility of calling into question the civil and\/or criminal liability of the user, in particular in the event of a message of a racist, offensive, defamatory, or pornographic nature, whatever the medium used (text, photography, etc.).<\/p>\n<hr class=\"wp-block-separator\" \/>\n<h2><span id=\"lwptoc23\">4 \u2013 CNIL and management of personal data.<\/span><\/h2>\n<p>In accordance with the provisions of law 78-17 of January 6, 1978 as amended, the user of the site <strong><span class=\"ff_dynamic_value\" data-ref=\"url\" data-fallback=\"\">https:\/\/mickaelhantzer.com<\/span><\/strong> has the right to access, modify and delete the information collected. To exercise this right, send a message to our Data Protection Officer: <strong><span class=\"ff_dynamic_value\" data-ref=\"dpo\" data-fallback=\"\">Mickael HANTZER<\/span><\/strong> &#8211; <strong><span class=\"ff_dynamic_value\" data-ref=\"contact_dpo\" data-fallback=\"\">hanter.mickael@orange.fr<\/span><\/strong>.<\/p>\n<p>For more information on how we process your data (type of data, purpose, recipient, etc.), read our <strong><span class=\"ff_dynamic_value\" data-ref=\"politique_confidentialite\" data-fallback=\"\">https:\/\/mickaelhantzer.com\/politique-condidentialite\/<\/span><\/strong>.\u00a0<\/p>\n<hr class=\"wp-block-separator\" \/>\n<h2><span id=\"lwptoc24\">5 \u2013 Hypertext links and cookies<\/span><\/h2>\n<p>The site <strong><span class=\"ff_dynamic_value\" data-ref=\"url\" data-fallback=\"\">https:\/\/mickaelhantzer.com<\/span><\/strong> contains hypertext links to other sites and disclaims any responsibility for these external links or links created by other sites to <strong><span class=\"ff_dynamic_value\" data-ref=\"url\" data-fallback=\"\">https:\/\/mickaelhantzer.com<\/span><\/strong>.<\/p>\n<p>Navigation on the site <strong><span class=\"ff_dynamic_value\" data-ref=\"url\" data-fallback=\"\">https:\/\/mickaelhantzer.com<\/span><\/strong> may cause the installation of cookie(s) on the user's computer.<\/p>\n<p>A \u201ccookie\u201d is a small file that records information relating to a user\u2019s navigation on a site. The data thus obtained makes it possible to obtain attendance measurements, for example.<\/p>\n<p>You have the possibility <strong>d\u2019accepter ou de refuser les cookies<\/strong> by changing your browser settings. No cookies will be placed without your consent.<\/p>\n<p>Cookies are saved for a maximum duration of <span class=\"ff_dynamic_value\" data-ref=\"cookies\" data-fallback=\"\">13<\/span> mois.<\/p>\n<p>For more information on how we use cookies, read our <strong><span class=\"ff_dynamic_value\" data-ref=\"politique_confidentialite\" data-fallback=\"\">https:\/\/mickaelhantzer.com\/politique-condidentialite\/<\/span><\/strong>.<\/p>\n<hr class=\"wp-block-separator\" \/>\n<h2><span id=\"lwptoc25\">6 \u2013 Applicable law and attribution of jurisdiction.<\/span><\/h2>\n<p>Any dispute relating to the use of the site <strong><span class=\"ff_dynamic_value\" data-ref=\"url\" data-fallback=\"\">https:\/\/mickaelhantzer.com<\/span><\/strong> is subject to French law. Except in cases where the law does not permit it, exclusive jurisdiction is granted to the competent courts of <strong><span class=\"ff_dynamic_value\" data-ref=\"ville_du_tribunal\" data-fallback=\"\"><\/span><\/strong>.<\/p>\n<p>[\/et_pb_text][\/et_pb_column][\/et_pb_row][\/et_pb_section]<\/p>","protected":false},"excerpt":{"rendered":"<p>MENTIONS L\u00c9GALES1 &#8211; \u00c9dition du site En vertu de l&rsquo;article 6 de la loi n\u00b0 2004-575 du 21 juin 2004 pour la confiance dans l&rsquo;\u00e9conomie num\u00e9rique, il est pr\u00e9cis\u00e9 aux utilisateurs du site internet https:\/\/mickaelhantzer.com l&rsquo;identit\u00e9 des diff\u00e9rents intervenants dans le cadre de sa r\u00e9alisation et de son suivi: Propri\u00e9taire du site : HANTZER Mickael [&hellip;]<\/p>","protected":false},"author":1,"featured_media":0,"parent":18,"menu_order":0,"comment_status":"closed","ping_status":"closed","template":"","meta":{"_et_pb_use_builder":"on","_et_pb_old_content":"","_et_gb_content_width":"","_monsterinsights_skip_tracking":false,"_monsterinsights_sitenote_active":false,"_monsterinsights_sitenote_note":"","_monsterinsights_sitenote_category":0,"footnotes":""},"class_list":["post-324","page","type-page","status-publish","hentry"],"yoast_head":"<!-- This site is optimized with the Yoast SEO plugin v24.0 - https:\/\/yoast.com\/wordpress\/plugins\/seo\/ -->\n<title>Mentions l\u00e9gales - Photographe mariage Toulon-Hy\u00e8res, Var<\/title>\n<meta name=\"description\" content=\"D\u00e9couvrez les mentions l\u00e9gales de Mickael Hantzer, Photographe de mariage \u00e0 Toulon Hy\u00e8res dans le Var (83).\" \/>\n<meta name=\"robots\" content=\"index, follow, max-snippet:-1, max-image-preview:large, max-video-preview:-1\" \/>\n<link rel=\"canonical\" href=\"https:\/\/mickaelhantzer.com\/en\/services\/mentions-legales\/\" \/>\n<meta property=\"og:locale\" content=\"en_GB\" \/>\n<meta property=\"og:type\" content=\"article\" \/>\n<meta property=\"og:title\" content=\"Mentions l\u00e9gales - Photographe mariage Toulon-Hy\u00e8res, Var\" \/>\n<meta property=\"og:description\" content=\"D\u00e9couvrez les mentions l\u00e9gales de Mickael Hantzer, Photographe de mariage \u00e0 Toulon Hy\u00e8res dans le Var (83).\" \/>\n<meta property=\"og:url\" content=\"https:\/\/mickaelhantzer.com\/en\/services\/mentions-legales\/\" \/>\n<meta property=\"og:site_name\" content=\"Photographe mariage Toulon-Hy\u00e8res, Var\" \/>\n<meta property=\"article:modified_time\" content=\"2024-12-27T09:22:45+00:00\" \/>\n<meta name=\"twitter:card\" content=\"summary_large_image\" \/>\n<meta name=\"twitter:label1\" content=\"Estimated reading time\" \/>\n\t<meta name=\"twitter:data1\" content=\"4 minutes\" \/>\n<script type=\"application\/ld+json\" class=\"yoast-schema-graph\">{\"@context\":\"https:\/\/schema.org\",\"@graph\":[{\"@type\":\"WebPage\",\"@id\":\"https:\/\/mickaelhantzer.com\/services\/mentions-legales\/\",\"url\":\"https:\/\/mickaelhantzer.com\/services\/mentions-legales\/\",\"name\":\"Mentions l\u00e9gales - Photographe mariage Toulon-Hy\u00e8res, Var\",\"isPartOf\":{\"@id\":\"https:\/\/mickaelhantzer.com\/#website\"},\"datePublished\":\"2022-06-30T15:07:07+00:00\",\"dateModified\":\"2024-12-27T09:22:45+00:00\",\"description\":\"D\u00e9couvrez les mentions l\u00e9gales de Mickael Hantzer, Photographe de mariage \u00e0 Toulon Hy\u00e8res dans le Var (83).\",\"breadcrumb\":{\"@id\":\"https:\/\/mickaelhantzer.com\/services\/mentions-legales\/#breadcrumb\"},\"inLanguage\":\"en-GB\",\"potentialAction\":[{\"@type\":\"ReadAction\",\"target\":[\"https:\/\/mickaelhantzer.com\/services\/mentions-legales\/\"]}]},{\"@type\":\"BreadcrumbList\",\"@id\":\"https:\/\/mickaelhantzer.com\/services\/mentions-legales\/#breadcrumb\",\"itemListElement\":[{\"@type\":\"ListItem\",\"position\":1,\"name\":\"Accueil\",\"item\":\"https:\/\/mickaelhantzer.com\/\"},{\"@type\":\"ListItem\",\"position\":2,\"name\":\"Services\",\"item\":\"https:\/\/mickaelhantzer.com\/services\/\"},{\"@type\":\"ListItem\",\"position\":3,\"name\":\"Mentions l\u00e9gales\"}]},{\"@type\":\"WebSite\",\"@id\":\"https:\/\/mickaelhantzer.com\/#website\",\"url\":\"https:\/\/mickaelhantzer.com\/\",\"name\":\"Photographe mariage Toulon-Hy\u00e8res, Var\",\"description\":\"Mickael Hantzer\",\"alternateName\":\"Photographe de Mariage en Provence Var - Toulon Hyeres\",\"potentialAction\":[{\"@type\":\"SearchAction\",\"target\":{\"@type\":\"EntryPoint\",\"urlTemplate\":\"https:\/\/mickaelhantzer.com\/?s={search_term_string}\"},\"query-input\":{\"@type\":\"PropertyValueSpecification\",\"valueRequired\":true,\"valueName\":\"search_term_string\"}}],\"inLanguage\":\"en-GB\"}]}<\/script>\n<!-- \/ Yoast SEO plugin. -->","yoast_head_json":{"title":"Mentions l\u00e9gales - Photographe mariage Toulon-Hy\u00e8res, Var","description":"D\u00e9couvrez les mentions l\u00e9gales de Mickael Hantzer, Photographe de mariage \u00e0 Toulon Hy\u00e8res dans le Var (83).","robots":{"index":"index","follow":"follow","max-snippet":"max-snippet:-1","max-image-preview":"max-image-preview:large","max-video-preview":"max-video-preview:-1"},"canonical":"https:\/\/mickaelhantzer.com\/en\/services\/mentions-legales\/","og_locale":"en_GB","og_type":"article","og_title":"Mentions l\u00e9gales - Photographe mariage Toulon-Hy\u00e8res, Var","og_description":"D\u00e9couvrez les mentions l\u00e9gales de Mickael Hantzer, Photographe de mariage \u00e0 Toulon Hy\u00e8res dans le Var (83).","og_url":"https:\/\/mickaelhantzer.com\/en\/services\/mentions-legales\/","og_site_name":"Photographe mariage Toulon-Hy\u00e8res, Var","article_modified_time":"2024-12-27T09:22:45+00:00","twitter_card":"summary_large_image","twitter_misc":{"Estimated reading time":"4 minutes"},"schema":{"@context":"https:\/\/schema.org","@graph":[{"@type":"WebPage","@id":"https:\/\/mickaelhantzer.com\/services\/mentions-legales\/","url":"https:\/\/mickaelhantzer.com\/services\/mentions-legales\/","name":"Mentions l\u00e9gales - Photographe mariage Toulon-Hy\u00e8res, Var","isPartOf":{"@id":"https:\/\/mickaelhantzer.com\/#website"},"datePublished":"2022-06-30T15:07:07+00:00","dateModified":"2024-12-27T09:22:45+00:00","description":"D\u00e9couvrez les mentions l\u00e9gales de Mickael Hantzer, Photographe de mariage \u00e0 Toulon Hy\u00e8res dans le Var (83).","breadcrumb":{"@id":"https:\/\/mickaelhantzer.com\/services\/mentions-legales\/#breadcrumb"},"inLanguage":"en-GB","potentialAction":[{"@type":"ReadAction","target":["https:\/\/mickaelhantzer.com\/services\/mentions-legales\/"]}]},{"@type":"BreadcrumbList","@id":"https:\/\/mickaelhantzer.com\/services\/mentions-legales\/#breadcrumb","itemListElement":[{"@type":"ListItem","position":1,"name":"Accueil","item":"https:\/\/mickaelhantzer.com\/"},{"@type":"ListItem","position":2,"name":"Services","item":"https:\/\/mickaelhantzer.com\/services\/"},{"@type":"ListItem","position":3,"name":"Mentions l\u00e9gales"}]},{"@type":"WebSite","@id":"https:\/\/mickaelhantzer.com\/#website","url":"https:\/\/mickaelhantzer.com\/","name":"Photographe mariage Toulon-Hy\u00e8res, Var","description":"Mickael Hantzer","alternateName":"Photographe de Mariage en Provence Var - Toulon Hyeres","potentialAction":[{"@type":"SearchAction","target":{"@type":"EntryPoint","urlTemplate":"https:\/\/mickaelhantzer.com\/?s={search_term_string}"},"query-input":{"@type":"PropertyValueSpecification","valueRequired":true,"valueName":"search_term_string"}}],"inLanguage":"en-GB"}]}},"_links":{"self":[{"href":"https:\/\/mickaelhantzer.com\/en\/wp-json\/wp\/v2\/pages\/324","targetHints":{"allow":["GET"]}}],"collection":[{"href":"https:\/\/mickaelhantzer.com\/en\/wp-json\/wp\/v2\/pages"}],"about":[{"href":"https:\/\/mickaelhantzer.com\/en\/wp-json\/wp\/v2\/types\/page"}],"author":[{"embeddable":true,"href":"https:\/\/mickaelhantzer.com\/en\/wp-json\/wp\/v2\/users\/1"}],"replies":[{"embeddable":true,"href":"https:\/\/mickaelhantzer.com\/en\/wp-json\/wp\/v2\/comments?post=324"}],"version-history":[{"count":8,"href":"https:\/\/mickaelhantzer.com\/en\/wp-json\/wp\/v2\/pages\/324\/revisions"}],"predecessor-version":[{"id":1476,"href":"https:\/\/mickaelhantzer.com\/en\/wp-json\/wp\/v2\/pages\/324\/revisions\/1476"}],"up":[{"embeddable":true,"href":"https:\/\/mickaelhantzer.com\/en\/wp-json\/wp\/v2\/pages\/18"}],"wp:attachment":[{"href":"https:\/\/mickaelhantzer.com\/en\/wp-json\/wp\/v2\/media?parent=324"}],"curies":[{"name":"wp","href":"https:\/\/api.w.org\/{rel}","templated":true}]}}