{"id":346,"date":"2022-07-04T21:04:42","date_gmt":"2022-07-04T21:04:42","guid":{"rendered":"https:\/\/mickaelhantzer.com\/?page_id=346"},"modified":"2024-12-27T09:20:51","modified_gmt":"2024-12-27T09:20:51","slug":"mariage-charlotte-et-mathieu","status":"publish","type":"page","link":"https:\/\/mickaelhantzer.com\/en\/portfolio\/mariage-charlotte-et-mathieu\/","title":{"rendered":"CHARLOTTE AND MATHIEU WEDDING"},"content":{"rendered":"[et_pb_section fb_built=\u00a0\u00bb1&Prime; admin_label=\u00a0\u00bbsection\u00a0\u00bb _builder_version=\u00a0\u00bb4.16&Prime; global_colors_info=\u00a0\u00bb{}\u00a0\u00bb][et_pb_row _builder_version=\u00a0\u00bb4.27.3&Prime; _module_preset=\u00a0\u00bbdefault\u00a0\u00bb][et_pb_column _builder_version=\u00a0\u00bb4.27.3&Prime; _module_preset=\u00a0\u00bbdefault\u00a0\u00bb type=\u00a0\u00bb4_4&Prime;][et_pb_post_title _builder_version=\u00a0\u00bb4.27.3&Prime; _module_preset=\u00a0\u00bbdefault\u00a0\u00bb meta=\u00a0\u00bboff\u00a0\u00bb featured_image=\u00a0\u00bboff\u00a0\u00bb title_font=\u00a0\u00bb|||on|||||\u00a0\u00bb title_text_align=\u00a0\u00bbcenter\u00a0\u00bb hover_enabled=\u00a0\u00bb0&Prime; sticky_enabled=\u00a0\u00bb0&Prime;][\/et_pb_post_title][\/et_pb_column][\/et_pb_row][et_pb_row column_structure=\u00a0\u00bb1_2,1_2&Prime; admin_label=\u00a0\u00bbrow\u00a0\u00bb _builder_version=\u00a0\u00bb4.16&Prime; background_size=\u00a0\u00bbinitial\u00a0\u00bb background_position=\u00a0\u00bbtop_left\u00a0\u00bb background_repeat=\u00a0\u00bbrepeat\u00a0\u00bb global_colors_info=\u00a0\u00bb{}\u00a0\u00bb][et_pb_column type=\u00a0\u00bb1_2&Prime; _builder_version=\u00a0\u00bb4.16&Prime; custom_padding=\u00a0\u00bb|||\u00a0\u00bb global_colors_info=\u00a0\u00bb{}\u00a0\u00bb custom_padding__hover=\u00a0\u00bb|||\u00a0\u00bb][et_pb_image src=\u00a0\u00bbhttp:\/\/mickaelhantzer.com\/wp-content\/uploads\/2022\/07\/mariage_provence_frenchriviera_paca_mickaelhantzer_fineart-15-scaled.jpg\u00a0\u00bb title_text=\u00a0\u00bbmariage_provence_frenchriviera_paca_mickaelhantzer_fineart-15&Prime; _builder_version=\u00a0\u00bb4.17.4&Prime; _module_preset=\u00a0\u00bbdefault\u00a0\u00bb global_colors_info=\u00a0\u00bb{}\u00a0\u00bb][\/et_pb_image][\/et_pb_column][et_pb_column type=\u00a0\u00bb1_2&Prime; _builder_version=\u00a0\u00bb4.16&Prime; custom_padding=\u00a0\u00bb|||\u00a0\u00bb global_colors_info=\u00a0\u00bb{}\u00a0\u00bb custom_padding__hover=\u00a0\u00bb|||\u00a0\u00bb][et_pb_image src=\u00a0\u00bbhttp:\/\/mickaelhantzer.com\/wp-content\/uploads\/2022\/07\/mariage_provence_frenchriviera_paca_mickaelhantzer_fineart-3-1-scaled.jpg\u00a0\u00bb title_text=\u00a0\u00bbmariage_provence_frenchriviera_paca_mickaelhantzer_fineart-3&Prime; _builder_version=\u00a0\u00bb4.17.4&Prime; _module_preset=\u00a0\u00bbdefault\u00a0\u00bb global_colors_info=\u00a0\u00bb{}\u00a0\u00bb][\/et_pb_image][\/et_pb_column][\/et_pb_row][et_pb_row column_structure=\u00a0\u00bb1_3,1_3,1_3&Prime; _builder_version=\u00a0\u00bb4.16&Prime; _module_preset=\u00a0\u00bbdefault\u00a0\u00bb global_colors_info=\u00a0\u00bb{}\u00a0\u00bb][et_pb_column type=\u00a0\u00bb1_3&Prime; _builder_version=\u00a0\u00bb4.16&Prime; _module_preset=\u00a0\u00bbdefault\u00a0\u00bb global_colors_info=\u00a0\u00bb{}\u00a0\u00bb][et_pb_image src=\u00a0\u00bbhttp:\/\/mickaelhantzer.com\/wp-content\/uploads\/2022\/07\/mariage_provence_frenchriviera_paca_mickaelhantzer_fineart-1-scaled.jpg\u00a0\u00bb title_text=\u00a0\u00bbmariage_provence_frenchriviera_paca_mickaelhantzer_fineart\u00a0\u00bb _builder_version=\u00a0\u00bb4.17.4&Prime; _module_preset=\u00a0\u00bbdefault\u00a0\u00bb global_colors_info=\u00a0\u00bb{}\u00a0\u00bb][\/et_pb_image][\/et_pb_column][et_pb_column type=\u00a0\u00bb1_3&Prime; _builder_version=\u00a0\u00bb4.16&Prime; _module_preset=\u00a0\u00bbdefault\u00a0\u00bb global_colors_info=\u00a0\u00bb{}\u00a0\u00bb][et_pb_image src=\u00a0\u00bbhttp:\/\/mickaelhantzer.com\/wp-content\/uploads\/2022\/07\/mariage_provence_frenchriviera_paca_mickaelhantzer_fineart-5-scaled.jpg\u00a0\u00bb title_text=\u00a0\u00bbmariage_provence_frenchriviera_paca_mickaelhantzer_fineart-5&Prime; _builder_version=\u00a0\u00bb4.17.4&Prime; _module_preset=\u00a0\u00bbdefault\u00a0\u00bb global_colors_info=\u00a0\u00bb{}\u00a0\u00bb][\/et_pb_image][\/et_pb_column][et_pb_column type=\u00a0\u00bb1_3&Prime; _builder_version=\u00a0\u00bb4.16&Prime; _module_preset=\u00a0\u00bbdefault\u00a0\u00bb global_colors_info=\u00a0\u00bb{}\u00a0\u00bb][et_pb_image src=\u00a0\u00bbhttp:\/\/mickaelhantzer.com\/wp-content\/uploads\/2022\/07\/mariage_provence_frenchriviera_paca_mickaelhantzer_fineart-13-scaled.jpg\u00a0\u00bb title_text=\u00a0\u00bbmariage_provence_frenchriviera_paca_mickaelhantzer_fineart-13&Prime; _builder_version=\u00a0\u00bb4.17.4&Prime; _module_preset=\u00a0\u00bbdefault\u00a0\u00bb global_colors_info=\u00a0\u00bb{}\u00a0\u00bb][\/et_pb_image][\/et_pb_column][\/et_pb_row][et_pb_row column_structure=\u00a0\u00bb1_2,1_2&Prime; _builder_version=\u00a0\u00bb4.16&Prime; _module_preset=\u00a0\u00bbdefault\u00a0\u00bb global_colors_info=\u00a0\u00bb{}\u00a0\u00bb][et_pb_column type=\u00a0\u00bb1_2&Prime; _builder_version=\u00a0\u00bb4.16&Prime; _module_preset=\u00a0\u00bbdefault\u00a0\u00bb global_colors_info=\u00a0\u00bb{}\u00a0\u00bb][et_pb_image src=\u00a0\u00bbhttp:\/\/mickaelhantzer.com\/wp-content\/uploads\/2022\/07\/sans-titre-scaled.jpg\u00a0\u00bb title_text=\u00a0\u00bbsans titre\u00a0\u00bb _builder_version=\u00a0\u00bb4.17.4&Prime; _module_preset=\u00a0\u00bbdefault\u00a0\u00bb global_colors_info=\u00a0\u00bb{}\u00a0\u00bb][\/et_pb_image][\/et_pb_column][et_pb_column type=\u00a0\u00bb1_2&Prime; _builder_version=\u00a0\u00bb4.16&Prime; _module_preset=\u00a0\u00bbdefault\u00a0\u00bb global_colors_info=\u00a0\u00bb{}\u00a0\u00bb][et_pb_image src=\u00a0\u00bbhttp:\/\/mickaelhantzer.com\/wp-content\/uploads\/2022\/07\/sans-titre-6-scaled.jpg\u00a0\u00bb title_text=\u00a0\u00bbsans titre-6&Prime; _builder_version=\u00a0\u00bb4.17.4&Prime; _module_preset=\u00a0\u00bbdefault\u00a0\u00bb global_colors_info=\u00a0\u00bb{}\u00a0\u00bb][\/et_pb_image][\/et_pb_column][\/et_pb_row][et_pb_row column_structure=\u00a0\u00bb1_2,1_2&Prime; _builder_version=\u00a0\u00bb4.16&Prime; _module_preset=\u00a0\u00bbdefault\u00a0\u00bb global_colors_info=\u00a0\u00bb{}\u00a0\u00bb][et_pb_column type=\u00a0\u00bb1_2&Prime; _builder_version=\u00a0\u00bb4.16&Prime; _module_preset=\u00a0\u00bbdefault\u00a0\u00bb global_colors_info=\u00a0\u00bb{}\u00a0\u00bb][et_pb_image src=\u00a0\u00bbhttp:\/\/mickaelhantzer.com\/wp-content\/uploads\/2022\/07\/sans-titre-8-scaled.jpg\u00a0\u00bb title_text=\u00a0\u00bbsans titre-8&Prime; _builder_version=\u00a0\u00bb4.17.4&Prime; _module_preset=\u00a0\u00bbdefault\u00a0\u00bb global_colors_info=\u00a0\u00bb{}\u00a0\u00bb][\/et_pb_image][\/et_pb_column][et_pb_column type=\u00a0\u00bb1_2&Prime; _builder_version=\u00a0\u00bb4.16&Prime; _module_preset=\u00a0\u00bbdefault\u00a0\u00bb global_colors_info=\u00a0\u00bb{}\u00a0\u00bb][et_pb_image src=\u00a0\u00bbhttp:\/\/mickaelhantzer.com\/wp-content\/uploads\/2022\/07\/sans-titre-10-1-scaled.jpg\u00a0\u00bb title_text=\u00a0\u00bbsans titre-10&Prime; _builder_version=\u00a0\u00bb4.17.4&Prime; _module_preset=\u00a0\u00bbdefault\u00a0\u00bb global_colors_info=\u00a0\u00bb{}\u00a0\u00bb][\/et_pb_image][\/et_pb_column][\/et_pb_row][et_pb_row column_structure=\u00a0\u00bb1_2,1_2&Prime; _builder_version=\u00a0\u00bb4.16&Prime; _module_preset=\u00a0\u00bbdefault\u00a0\u00bb global_colors_info=\u00a0\u00bb{}\u00a0\u00bb][et_pb_column type=\u00a0\u00bb1_2&Prime; _builder_version=\u00a0\u00bb4.16&Prime; _module_preset=\u00a0\u00bbdefault\u00a0\u00bb global_colors_info=\u00a0\u00bb{}\u00a0\u00bb][et_pb_image src=\u00a0\u00bbhttp:\/\/mickaelhantzer.com\/wp-content\/uploads\/2022\/07\/sans-titre-7-scaled.jpg\u00a0\u00bb title_text=\u00a0\u00bbsans titre-7&Prime; _builder_version=\u00a0\u00bb4.17.4&Prime; _module_preset=\u00a0\u00bbdefault\u00a0\u00bb global_colors_info=\u00a0\u00bb{}\u00a0\u00bb][\/et_pb_image][\/et_pb_column][et_pb_column type=\u00a0\u00bb1_2&Prime; _builder_version=\u00a0\u00bb4.16&Prime; _module_preset=\u00a0\u00bbdefault\u00a0\u00bb global_colors_info=\u00a0\u00bb{}\u00a0\u00bb][et_pb_image src=\u00a0\u00bbhttp:\/\/mickaelhantzer.com\/wp-content\/uploads\/2022\/07\/mariage_provence_frenchriviera_paca_mickaelhantzer_fineart-45-scaled.jpg\u00a0\u00bb title_text=\u00a0\u00bbmariage_provence_frenchriviera_paca_mickaelhantzer_fineart-45&Prime; _builder_version=\u00a0\u00bb4.17.4&Prime; _module_preset=\u00a0\u00bbdefault\u00a0\u00bb global_colors_info=\u00a0\u00bb{}\u00a0\u00bb][\/et_pb_image][\/et_pb_column][\/et_pb_row][\/et_pb_section]","protected":false},"excerpt":{"rendered":"","protected":false},"author":1,"featured_media":0,"parent":14,"menu_order":0,"comment_status":"closed","ping_status":"closed","template":"","meta":{"_et_pb_use_builder":"on","_et_pb_old_content":"<!-- wp:divi\/placeholder \/-->","_et_gb_content_width":"","_monsterinsights_skip_tracking":false,"_monsterinsights_sitenote_active":false,"_monsterinsights_sitenote_note":"","_monsterinsights_sitenote_category":0,"footnotes":""},"class_list":["post-346","page","type-page","status-publish","hentry"],"yoast_head":"<!-- This site is optimized with the Yoast SEO plugin v27.5 - https:\/\/yoast.com\/product\/yoast-seo-wordpress\/ -->\n<title>Mariage de Charlotte et Mathieu<\/title>\n<meta name=\"description\" content=\"Mickael Hantzer, Photographe \u00e0 Toulon Hy\u00e8res dans le Var, vous pr\u00e9sente le mariage de Charlotte et Mathieu.\" \/>\n<meta name=\"robots\" content=\"index, follow, max-snippet:-1, max-image-preview:large, max-video-preview:-1\" \/>\n<link rel=\"canonical\" href=\"https:\/\/mickaelhantzer.com\/en\/portfolio\/mariage-charlotte-et-mathieu\/\" \/>\n<meta property=\"og:locale\" content=\"en_GB\" \/>\n<meta property=\"og:type\" content=\"article\" \/>\n<meta property=\"og:title\" content=\"Mariage de Charlotte et Mathieu\" \/>\n<meta property=\"og:description\" content=\"Mickael Hantzer, Photographe \u00e0 Toulon Hy\u00e8res dans le Var, vous pr\u00e9sente le mariage de Charlotte et Mathieu.\" \/>\n<meta property=\"og:url\" content=\"https:\/\/mickaelhantzer.com\/en\/portfolio\/mariage-charlotte-et-mathieu\/\" \/>\n<meta property=\"og:site_name\" content=\"Photographe mariage Toulon-Hy\u00e8res, Var\" \/>\n<meta property=\"article:modified_time\" content=\"2024-12-27T09:20:51+00:00\" \/>\n<meta name=\"twitter:card\" content=\"summary_large_image\" \/>\n<meta name=\"twitter:label1\" content=\"Estimated reading time\" \/>\n\t<meta name=\"twitter:data1\" content=\"3 minutes\" \/>\n<script type=\"application\/ld+json\" class=\"yoast-schema-graph\">{\"@context\":\"https:\\\/\\\/schema.org\",\"@graph\":[{\"@type\":\"WebPage\",\"@id\":\"https:\\\/\\\/mickaelhantzer.com\\\/portfolio\\\/mariage-charlotte-et-mathieu\\\/\",\"url\":\"https:\\\/\\\/mickaelhantzer.com\\\/portfolio\\\/mariage-charlotte-et-mathieu\\\/\",\"name\":\"Mariage de Charlotte et Mathieu\",\"isPartOf\":{\"@id\":\"https:\\\/\\\/mickaelhantzer.com\\\/#website\"},\"datePublished\":\"2022-07-04T21:04:42+00:00\",\"dateModified\":\"2024-12-27T09:20:51+00:00\",\"description\":\"Mickael Hantzer, Photographe \u00e0 Toulon Hy\u00e8res dans le Var, vous pr\u00e9sente le mariage de Charlotte et Mathieu.\",\"breadcrumb\":{\"@id\":\"https:\\\/\\\/mickaelhantzer.com\\\/portfolio\\\/mariage-charlotte-et-mathieu\\\/#breadcrumb\"},\"inLanguage\":\"en-GB\",\"potentialAction\":[{\"@type\":\"ReadAction\",\"target\":[\"https:\\\/\\\/mickaelhantzer.com\\\/portfolio\\\/mariage-charlotte-et-mathieu\\\/\"]}]},{\"@type\":\"BreadcrumbList\",\"@id\":\"https:\\\/\\\/mickaelhantzer.com\\\/portfolio\\\/mariage-charlotte-et-mathieu\\\/#breadcrumb\",\"itemListElement\":[{\"@type\":\"ListItem\",\"position\":1,\"name\":\"Accueil\",\"item\":\"https:\\\/\\\/mickaelhantzer.com\\\/\"},{\"@type\":\"ListItem\",\"position\":2,\"name\":\"Portfolio\",\"item\":\"https:\\\/\\\/mickaelhantzer.com\\\/portfolio\\\/\"},{\"@type\":\"ListItem\",\"position\":3,\"name\":\"mariage Charlotte et Mathieu\"}]},{\"@type\":\"WebSite\",\"@id\":\"https:\\\/\\\/mickaelhantzer.com\\\/#website\",\"url\":\"https:\\\/\\\/mickaelhantzer.com\\\/\",\"name\":\"Photographe mariage Toulon-Hy\u00e8res, Var\",\"description\":\"Mickael Hantzer\",\"alternateName\":\"Photographe de Mariage en Provence Var - Toulon Hyeres\",\"potentialAction\":[{\"@type\":\"SearchAction\",\"target\":{\"@type\":\"EntryPoint\",\"urlTemplate\":\"https:\\\/\\\/mickaelhantzer.com\\\/?s={search_term_string}\"},\"query-input\":{\"@type\":\"PropertyValueSpecification\",\"valueRequired\":true,\"valueName\":\"search_term_string\"}}],\"inLanguage\":\"en-GB\"}]}<\/script>\n<!-- \/ Yoast SEO plugin. -->","yoast_head_json":{"title":"Mariage de Charlotte et Mathieu","description":"Mickael Hantzer, Photographe \u00e0 Toulon Hy\u00e8res dans le Var, vous pr\u00e9sente le mariage de Charlotte et Mathieu.","robots":{"index":"index","follow":"follow","max-snippet":"max-snippet:-1","max-image-preview":"max-image-preview:large","max-video-preview":"max-video-preview:-1"},"canonical":"https:\/\/mickaelhantzer.com\/en\/portfolio\/mariage-charlotte-et-mathieu\/","og_locale":"en_GB","og_type":"article","og_title":"Mariage de Charlotte et Mathieu","og_description":"Mickael Hantzer, Photographe \u00e0 Toulon Hy\u00e8res dans le Var, vous pr\u00e9sente le mariage de Charlotte et Mathieu.","og_url":"https:\/\/mickaelhantzer.com\/en\/portfolio\/mariage-charlotte-et-mathieu\/","og_site_name":"Photographe mariage Toulon-Hy\u00e8res, Var","article_modified_time":"2024-12-27T09:20:51+00:00","twitter_card":"summary_large_image","twitter_misc":{"Estimated reading time":"3 minutes"},"schema":{"@context":"https:\/\/schema.org","@graph":[{"@type":"WebPage","@id":"https:\/\/mickaelhantzer.com\/portfolio\/mariage-charlotte-et-mathieu\/","url":"https:\/\/mickaelhantzer.com\/portfolio\/mariage-charlotte-et-mathieu\/","name":"Mariage de Charlotte et Mathieu","isPartOf":{"@id":"https:\/\/mickaelhantzer.com\/#website"},"datePublished":"2022-07-04T21:04:42+00:00","dateModified":"2024-12-27T09:20:51+00:00","description":"Mickael Hantzer, Photographe \u00e0 Toulon Hy\u00e8res dans le Var, vous pr\u00e9sente le mariage de Charlotte et Mathieu.","breadcrumb":{"@id":"https:\/\/mickaelhantzer.com\/portfolio\/mariage-charlotte-et-mathieu\/#breadcrumb"},"inLanguage":"en-GB","potentialAction":[{"@type":"ReadAction","target":["https:\/\/mickaelhantzer.com\/portfolio\/mariage-charlotte-et-mathieu\/"]}]},{"@type":"BreadcrumbList","@id":"https:\/\/mickaelhantzer.com\/portfolio\/mariage-charlotte-et-mathieu\/#breadcrumb","itemListElement":[{"@type":"ListItem","position":1,"name":"Accueil","item":"https:\/\/mickaelhantzer.com\/"},{"@type":"ListItem","position":2,"name":"Portfolio","item":"https:\/\/mickaelhantzer.com\/portfolio\/"},{"@type":"ListItem","position":3,"name":"mariage Charlotte et Mathieu"}]},{"@type":"WebSite","@id":"https:\/\/mickaelhantzer.com\/#website","url":"https:\/\/mickaelhantzer.com\/","name":"Photographe mariage Toulon-Hy\u00e8res, Var","description":"Mickael Hantzer","alternateName":"Photographe de Mariage en Provence Var - Toulon Hyeres","potentialAction":[{"@type":"SearchAction","target":{"@type":"EntryPoint","urlTemplate":"https:\/\/mickaelhantzer.com\/?s={search_term_string}"},"query-input":{"@type":"PropertyValueSpecification","valueRequired":true,"valueName":"search_term_string"}}],"inLanguage":"en-GB"}]}},"_links":{"self":[{"href":"https:\/\/mickaelhantzer.com\/en\/wp-json\/wp\/v2\/pages\/346","targetHints":{"allow":["GET"]}}],"collection":[{"href":"https:\/\/mickaelhantzer.com\/en\/wp-json\/wp\/v2\/pages"}],"about":[{"href":"https:\/\/mickaelhantzer.com\/en\/wp-json\/wp\/v2\/types\/page"}],"author":[{"embeddable":true,"href":"https:\/\/mickaelhantzer.com\/en\/wp-json\/wp\/v2\/users\/1"}],"replies":[{"embeddable":true,"href":"https:\/\/mickaelhantzer.com\/en\/wp-json\/wp\/v2\/comments?post=346"}],"version-history":[{"count":16,"href":"https:\/\/mickaelhantzer.com\/en\/wp-json\/wp\/v2\/pages\/346\/revisions"}],"predecessor-version":[{"id":1403,"href":"https:\/\/mickaelhantzer.com\/en\/wp-json\/wp\/v2\/pages\/346\/revisions\/1403"}],"up":[{"embeddable":true,"href":"https:\/\/mickaelhantzer.com\/en\/wp-json\/wp\/v2\/pages\/14"}],"wp:attachment":[{"href":"https:\/\/mickaelhantzer.com\/en\/wp-json\/wp\/v2\/media?parent=346"}],"curies":[{"name":"wp","href":"https:\/\/api.w.org\/{rel}","templated":true}]}}