{"id":879,"date":"2022-07-23T13:21:01","date_gmt":"2022-07-23T13:21:01","guid":{"rendered":"https:\/\/mickaelhantzer.com\/?page_id=879"},"modified":"2024-12-27T09:21:54","modified_gmt":"2024-12-27T09:21:54","slug":"tristan-jenna","status":"publish","type":"page","link":"https:\/\/mickaelhantzer.com\/en\/portfolio\/tristan-jenna\/","title":{"rendered":"Tristan and Jenna wedding"},"content":{"rendered":"[et_pb_section fb_built=\u00a0\u00bb1&Prime; admin_label=\u00a0\u00bbsection\u00a0\u00bb _builder_version=\u00a0\u00bb4.16&Prime; global_colors_info=\u00a0\u00bb{}\u00a0\u00bb][et_pb_row _builder_version=\u00a0\u00bb4.27.3&Prime; _module_preset=\u00a0\u00bbdefault\u00a0\u00bb][et_pb_column _builder_version=\u00a0\u00bb4.27.3&Prime; _module_preset=\u00a0\u00bbdefault\u00a0\u00bb type=\u00a0\u00bb4_4&Prime;][et_pb_post_title _builder_version=\u00a0\u00bb4.27.3&Prime; _module_preset=\u00a0\u00bbdefault\u00a0\u00bb meta=\u00a0\u00bboff\u00a0\u00bb featured_image=\u00a0\u00bboff\u00a0\u00bb title_font=\u00a0\u00bb|||on|||||\u00a0\u00bb title_text_align=\u00a0\u00bbcenter\u00a0\u00bb hover_enabled=\u00a0\u00bb0&Prime; sticky_enabled=\u00a0\u00bb0&Prime;][\/et_pb_post_title][\/et_pb_column][\/et_pb_row][et_pb_row column_structure=\u00a0\u00bb1_2,1_2&Prime; admin_label=\u00a0\u00bbrow\u00a0\u00bb _builder_version=\u00a0\u00bb4.16&Prime; background_size=\u00a0\u00bbinitial\u00a0\u00bb background_position=\u00a0\u00bbtop_left\u00a0\u00bb background_repeat=\u00a0\u00bbrepeat\u00a0\u00bb global_colors_info=\u00a0\u00bb{}\u00a0\u00bb][et_pb_column type=\u00a0\u00bb1_2&Prime; _builder_version=\u00a0\u00bb4.16&Prime; custom_padding=\u00a0\u00bb|||\u00a0\u00bb global_colors_info=\u00a0\u00bb{}\u00a0\u00bb custom_padding__hover=\u00a0\u00bb|||\u00a0\u00bb][et_pb_image src=\u00a0\u00bbhttp:\/\/mickaelhantzer.com\/wp-content\/uploads\/2022\/07\/JennaTristan-@mickael_hantzer_photography-7-scaled.jpg\u00a0\u00bb title_text=\u00a0\u00bbJenna&#038;Tristan-@mickael_hantzer_photography-7&Prime; _builder_version=\u00a0\u00bb4.17.4&Prime; _module_preset=\u00a0\u00bbdefault\u00a0\u00bb global_colors_info=\u00a0\u00bb{}\u00a0\u00bb][\/et_pb_image][\/et_pb_column][et_pb_column type=\u00a0\u00bb1_2&Prime; _builder_version=\u00a0\u00bb4.16&Prime; custom_padding=\u00a0\u00bb|||\u00a0\u00bb global_colors_info=\u00a0\u00bb{}\u00a0\u00bb custom_padding__hover=\u00a0\u00bb|||\u00a0\u00bb][et_pb_image src=\u00a0\u00bbhttp:\/\/mickaelhantzer.com\/wp-content\/uploads\/2022\/07\/JennaTristan-@mickael_hantzer_photography-12-scaled.jpg\u00a0\u00bb title_text=\u00a0\u00bbJenna&#038;Tristan-@mickael_hantzer_photography-12&Prime; _builder_version=\u00a0\u00bb4.17.4&Prime; _module_preset=\u00a0\u00bbdefault\u00a0\u00bb global_colors_info=\u00a0\u00bb{}\u00a0\u00bb][\/et_pb_image][\/et_pb_column][\/et_pb_row][et_pb_row column_structure=\u00a0\u00bb1_3,1_3,1_3&Prime; _builder_version=\u00a0\u00bb4.16&Prime; _module_preset=\u00a0\u00bbdefault\u00a0\u00bb global_colors_info=\u00a0\u00bb{}\u00a0\u00bb][et_pb_column type=\u00a0\u00bb1_3&Prime; _builder_version=\u00a0\u00bb4.16&Prime; _module_preset=\u00a0\u00bbdefault\u00a0\u00bb global_colors_info=\u00a0\u00bb{}\u00a0\u00bb][et_pb_image src=\u00a0\u00bbhttp:\/\/mickaelhantzer.com\/wp-content\/uploads\/2022\/07\/JennaTristan-@mickael_hantzer_photography-25-scaled.jpg\u00a0\u00bb title_text=\u00a0\u00bbJenna&#038;Tristan-@mickael_hantzer_photography-25&Prime; _builder_version=\u00a0\u00bb4.17.4&Prime; _module_preset=\u00a0\u00bbdefault\u00a0\u00bb global_colors_info=\u00a0\u00bb{}\u00a0\u00bb][\/et_pb_image][\/et_pb_column][et_pb_column type=\u00a0\u00bb1_3&Prime; _builder_version=\u00a0\u00bb4.16&Prime; _module_preset=\u00a0\u00bbdefault\u00a0\u00bb global_colors_info=\u00a0\u00bb{}\u00a0\u00bb][et_pb_image src=\u00a0\u00bbhttp:\/\/mickaelhantzer.com\/wp-content\/uploads\/2022\/07\/JennaTristan-@mickael_hantzer_photography-34-scaled.jpg\u00a0\u00bb title_text=\u00a0\u00bbJenna&#038;Tristan-@mickael_hantzer_photography-34&Prime; _builder_version=\u00a0\u00bb4.17.4&Prime; _module_preset=\u00a0\u00bbdefault\u00a0\u00bb global_colors_info=\u00a0\u00bb{}\u00a0\u00bb][\/et_pb_image][\/et_pb_column][et_pb_column type=\u00a0\u00bb1_3&Prime; _builder_version=\u00a0\u00bb4.16&Prime; _module_preset=\u00a0\u00bbdefault\u00a0\u00bb global_colors_info=\u00a0\u00bb{}\u00a0\u00bb][et_pb_image src=\u00a0\u00bbhttp:\/\/mickaelhantzer.com\/wp-content\/uploads\/2022\/07\/JennaTristan-@mickael_hantzer_photography-65-scaled.jpg\u00a0\u00bb title_text=\u00a0\u00bbJenna&#038;Tristan-@mickael_hantzer_photography-65&Prime; _builder_version=\u00a0\u00bb4.17.4&Prime; _module_preset=\u00a0\u00bbdefault\u00a0\u00bb global_colors_info=\u00a0\u00bb{}\u00a0\u00bb][\/et_pb_image][\/et_pb_column][\/et_pb_row][et_pb_row column_structure=\u00a0\u00bb1_2,1_2&Prime; _builder_version=\u00a0\u00bb4.16&Prime; _module_preset=\u00a0\u00bbdefault\u00a0\u00bb global_colors_info=\u00a0\u00bb{}\u00a0\u00bb][et_pb_column type=\u00a0\u00bb1_2&Prime; _builder_version=\u00a0\u00bb4.16&Prime; _module_preset=\u00a0\u00bbdefault\u00a0\u00bb global_colors_info=\u00a0\u00bb{}\u00a0\u00bb][et_pb_image src=\u00a0\u00bbhttp:\/\/mickaelhantzer.com\/wp-content\/uploads\/2022\/07\/JennaTristan-@mickael_hantzer_photography-76.jpg\u00a0\u00bb title_text=\u00a0\u00bbJenna&#038;Tristan-@mickael_hantzer_photography-76&Prime; _builder_version=\u00a0\u00bb4.17.4&Prime; _module_preset=\u00a0\u00bbdefault\u00a0\u00bb global_colors_info=\u00a0\u00bb{}\u00a0\u00bb][\/et_pb_image][\/et_pb_column][et_pb_column type=\u00a0\u00bb1_2&Prime; _builder_version=\u00a0\u00bb4.16&Prime; _module_preset=\u00a0\u00bbdefault\u00a0\u00bb global_colors_info=\u00a0\u00bb{}\u00a0\u00bb][et_pb_image src=\u00a0\u00bbhttp:\/\/mickaelhantzer.com\/wp-content\/uploads\/2022\/07\/JennaTristan-@mickael_hantzer_photography-86-1.jpg\u00a0\u00bb title_text=\u00a0\u00bbJenna&#038;Tristan-@mickael_hantzer_photography-86&Prime; _builder_version=\u00a0\u00bb4.17.4&Prime; _module_preset=\u00a0\u00bbdefault\u00a0\u00bb global_colors_info=\u00a0\u00bb{}\u00a0\u00bb][\/et_pb_image][\/et_pb_column][\/et_pb_row][et_pb_row column_structure=\u00a0\u00bb1_3,1_3,1_3&Prime; _builder_version=\u00a0\u00bb4.16&Prime; _module_preset=\u00a0\u00bbdefault\u00a0\u00bb global_colors_info=\u00a0\u00bb{}\u00a0\u00bb][et_pb_column type=\u00a0\u00bb1_3&Prime; _builder_version=\u00a0\u00bb4.16&Prime; _module_preset=\u00a0\u00bbdefault\u00a0\u00bb global_colors_info=\u00a0\u00bb{}\u00a0\u00bb][et_pb_image src=\u00a0\u00bbhttp:\/\/mickaelhantzer.com\/wp-content\/uploads\/2022\/07\/JennaTristan-@mickael_hantzer_photography-89.jpg\u00a0\u00bb title_text=\u00a0\u00bbJenna&#038;Tristan-@mickael_hantzer_photography-89&Prime; _builder_version=\u00a0\u00bb4.17.4&Prime; _module_preset=\u00a0\u00bbdefault\u00a0\u00bb global_colors_info=\u00a0\u00bb{}\u00a0\u00bb][\/et_pb_image][et_pb_image src=\u00a0\u00bbhttp:\/\/mickaelhantzer.com\/wp-content\/uploads\/2022\/07\/JennaTristan-@mickael_hantzer_photography-101-scaled.jpg\u00a0\u00bb title_text=\u00a0\u00bbJenna&#038;Tristan-@mickael_hantzer_photography-101&Prime; _builder_version=\u00a0\u00bb4.17.4&Prime; _module_preset=\u00a0\u00bbdefault\u00a0\u00bb global_colors_info=\u00a0\u00bb{}\u00a0\u00bb][\/et_pb_image][\/et_pb_column][et_pb_column type=\u00a0\u00bb1_3&Prime; _builder_version=\u00a0\u00bb4.16&Prime; _module_preset=\u00a0\u00bbdefault\u00a0\u00bb global_colors_info=\u00a0\u00bb{}\u00a0\u00bb][et_pb_image src=\u00a0\u00bbhttp:\/\/mickaelhantzer.com\/wp-content\/uploads\/2022\/07\/JennaTristan-@mickael_hantzer_photography-106-scaled.jpg\u00a0\u00bb title_text=\u00a0\u00bbJenna&#038;Tristan-@mickael_hantzer_photography-106&Prime; _builder_version=\u00a0\u00bb4.17.4&Prime; _module_preset=\u00a0\u00bbdefault\u00a0\u00bb global_colors_info=\u00a0\u00bb{}\u00a0\u00bb][\/et_pb_image][\/et_pb_column][et_pb_column type=\u00a0\u00bb1_3&Prime; _builder_version=\u00a0\u00bb4.16&Prime; _module_preset=\u00a0\u00bbdefault\u00a0\u00bb global_colors_info=\u00a0\u00bb{}\u00a0\u00bb][et_pb_image src=\u00a0\u00bbhttp:\/\/mickaelhantzer.com\/wp-content\/uploads\/2022\/07\/JennaTristan-@mickael_hantzer_photography-6-scaled.jpg\u00a0\u00bb title_text=\u00a0\u00bbJenna&#038;Tristan-@mickael_hantzer_photography-6&Prime; _builder_version=\u00a0\u00bb4.17.4&Prime; _module_preset=\u00a0\u00bbdefault\u00a0\u00bb global_colors_info=\u00a0\u00bb{}\u00a0\u00bb][\/et_pb_image][et_pb_image src=\u00a0\u00bbhttp:\/\/mickaelhantzer.com\/wp-content\/uploads\/2022\/07\/JennaTristan-@mickael_hantzer_photography-91.jpg\u00a0\u00bb title_text=\u00a0\u00bbJenna&#038;Tristan-@mickael_hantzer_photography-91&Prime; _builder_version=\u00a0\u00bb4.17.4&Prime; _module_preset=\u00a0\u00bbdefault\u00a0\u00bb global_colors_info=\u00a0\u00bb{}\u00a0\u00bb][\/et_pb_image][\/et_pb_column][\/et_pb_row][et_pb_row column_structure=\u00a0\u00bb1_3,1_3,1_3&Prime; _builder_version=\u00a0\u00bb4.16&Prime; _module_preset=\u00a0\u00bbdefault\u00a0\u00bb global_colors_info=\u00a0\u00bb{}\u00a0\u00bb][et_pb_column type=\u00a0\u00bb1_3&Prime; _builder_version=\u00a0\u00bb4.16&Prime; _module_preset=\u00a0\u00bbdefault\u00a0\u00bb global_colors_info=\u00a0\u00bb{}\u00a0\u00bb][et_pb_image src=\u00a0\u00bbhttp:\/\/mickaelhantzer.com\/wp-content\/uploads\/2022\/07\/JennaTristan-@mickael_hantzer_photography-36-scaled.jpg\u00a0\u00bb title_text=\u00a0\u00bbJenna&#038;Tristan-@mickael_hantzer_photography-36&Prime; _builder_version=\u00a0\u00bb4.17.4&Prime; _module_preset=\u00a0\u00bbdefault\u00a0\u00bb global_colors_info=\u00a0\u00bb{}\u00a0\u00bb][\/et_pb_image][\/et_pb_column][et_pb_column type=\u00a0\u00bb1_3&Prime; _builder_version=\u00a0\u00bb4.16&Prime; _module_preset=\u00a0\u00bbdefault\u00a0\u00bb global_colors_info=\u00a0\u00bb{}\u00a0\u00bb][et_pb_image src=\u00a0\u00bbhttp:\/\/mickaelhantzer.com\/wp-content\/uploads\/2022\/07\/JennaTristan-@mickael_hantzer_photography-scaled.jpg\u00a0\u00bb title_text=\u00a0\u00bbJenna&#038;Tristan-@mickael_hantzer_photography\u00a0\u00bb _builder_version=\u00a0\u00bb4.17.4&Prime; _module_preset=\u00a0\u00bbdefault\u00a0\u00bb global_colors_info=\u00a0\u00bb{}\u00a0\u00bb][\/et_pb_image][\/et_pb_column][et_pb_column type=\u00a0\u00bb1_3&Prime; _builder_version=\u00a0\u00bb4.16&Prime; _module_preset=\u00a0\u00bbdefault\u00a0\u00bb global_colors_info=\u00a0\u00bb{}\u00a0\u00bb][et_pb_image src=\u00a0\u00bbhttp:\/\/mickaelhantzer.com\/wp-content\/uploads\/2022\/07\/JennaTristan-@mickael_hantzer_photography-34-1-scaled.jpg\u00a0\u00bb title_text=\u00a0\u00bbJenna&#038;Tristan-@mickael_hantzer_photography-34&Prime; _builder_version=\u00a0\u00bb4.17.4&Prime; _module_preset=\u00a0\u00bbdefault\u00a0\u00bb global_colors_info=\u00a0\u00bb{}\u00a0\u00bb][\/et_pb_image][\/et_pb_column][\/et_pb_row][et_pb_row column_structure=\u00a0\u00bb1_3,1_3,1_3&Prime; _builder_version=\u00a0\u00bb4.16&Prime; _module_preset=\u00a0\u00bbdefault\u00a0\u00bb global_colors_info=\u00a0\u00bb{}\u00a0\u00bb][et_pb_column type=\u00a0\u00bb1_3&Prime; _builder_version=\u00a0\u00bb4.16&Prime; _module_preset=\u00a0\u00bbdefault\u00a0\u00bb global_colors_info=\u00a0\u00bb{}\u00a0\u00bb][et_pb_image src=\u00a0\u00bbhttp:\/\/mickaelhantzer.com\/wp-content\/uploads\/2022\/07\/JennaTristan-@mickael_hantzer_photography-270-scaled.jpg\u00a0\u00bb title_text=\u00a0\u00bbJenna&#038;Tristan-@mickael_hantzer_photography-270&Prime; _builder_version=\u00a0\u00bb4.17.4&Prime; _module_preset=\u00a0\u00bbdefault\u00a0\u00bb global_colors_info=\u00a0\u00bb{}\u00a0\u00bb][\/et_pb_image][\/et_pb_column][et_pb_column type=\u00a0\u00bb1_3&Prime; _builder_version=\u00a0\u00bb4.16&Prime; _module_preset=\u00a0\u00bbdefault\u00a0\u00bb global_colors_info=\u00a0\u00bb{}\u00a0\u00bb][et_pb_image src=\u00a0\u00bbhttp:\/\/mickaelhantzer.com\/wp-content\/uploads\/2022\/07\/JennaTristan-@mickael_hantzer_photography-185-scaled.jpg\u00a0\u00bb title_text=\u00a0\u00bbJenna&#038;Tristan-@mickael_hantzer_photography-185&Prime; _builder_version=\u00a0\u00bb4.17.4&Prime; _module_preset=\u00a0\u00bbdefault\u00a0\u00bb global_colors_info=\u00a0\u00bb{}\u00a0\u00bb][\/et_pb_image][\/et_pb_column][et_pb_column type=\u00a0\u00bb1_3&Prime; _builder_version=\u00a0\u00bb4.16&Prime; _module_preset=\u00a0\u00bbdefault\u00a0\u00bb global_colors_info=\u00a0\u00bb{}\u00a0\u00bb][et_pb_image src=\u00a0\u00bbhttp:\/\/mickaelhantzer.com\/wp-content\/uploads\/2022\/07\/JennaTristan-@mickael_hantzer_photography-282-scaled.jpg\u00a0\u00bb title_text=\u00a0\u00bbJenna&#038;Tristan-@mickael_hantzer_photography-282&Prime; _builder_version=\u00a0\u00bb4.17.4&Prime; _module_preset=\u00a0\u00bbdefault\u00a0\u00bb global_colors_info=\u00a0\u00bb{}\u00a0\u00bb][\/et_pb_image][\/et_pb_column][\/et_pb_row][et_pb_row column_structure=\u00a0\u00bb1_2,1_2&Prime; _builder_version=\u00a0\u00bb4.16&Prime; _module_preset=\u00a0\u00bbdefault\u00a0\u00bb global_colors_info=\u00a0\u00bb{}\u00a0\u00bb][et_pb_column type=\u00a0\u00bb1_2&Prime; _builder_version=\u00a0\u00bb4.16&Prime; _module_preset=\u00a0\u00bbdefault\u00a0\u00bb global_colors_info=\u00a0\u00bb{}\u00a0\u00bb][et_pb_image src=\u00a0\u00bbhttp:\/\/mickaelhantzer.com\/wp-content\/uploads\/2022\/07\/JennaTristan-@mickael_hantzer_photography-81-scaled.jpg\u00a0\u00bb title_text=\u00a0\u00bbJenna&#038;Tristan-@mickael_hantzer_photography-81&Prime; _builder_version=\u00a0\u00bb4.17.4&Prime; _module_preset=\u00a0\u00bbdefault\u00a0\u00bb global_colors_info=\u00a0\u00bb{}\u00a0\u00bb][\/et_pb_image][\/et_pb_column][et_pb_column type=\u00a0\u00bb1_2&Prime; _builder_version=\u00a0\u00bb4.16&Prime; _module_preset=\u00a0\u00bbdefault\u00a0\u00bb global_colors_info=\u00a0\u00bb{}\u00a0\u00bb][et_pb_image src=\u00a0\u00bbhttp:\/\/mickaelhantzer.com\/wp-content\/uploads\/2022\/07\/JennaTristan-@mickael_hantzer_photography-95-scaled.jpg\u00a0\u00bb title_text=\u00a0\u00bbJenna&#038;Tristan-@mickael_hantzer_photography-95&Prime; _builder_version=\u00a0\u00bb4.17.4&Prime; _module_preset=\u00a0\u00bbdefault\u00a0\u00bb global_colors_info=\u00a0\u00bb{}\u00a0\u00bb][\/et_pb_image][\/et_pb_column][\/et_pb_row][\/et_pb_section]","protected":false},"excerpt":{"rendered":"","protected":false},"author":1,"featured_media":0,"parent":14,"menu_order":0,"comment_status":"closed","ping_status":"closed","template":"","meta":{"_et_pb_use_builder":"on","_et_pb_old_content":"<!-- wp:divi\/placeholder \/-->","_et_gb_content_width":"","_monsterinsights_skip_tracking":false,"_monsterinsights_sitenote_active":false,"_monsterinsights_sitenote_note":"","_monsterinsights_sitenote_category":0,"footnotes":""},"class_list":["post-879","page","type-page","status-publish","hentry"],"yoast_head":"<!-- This site is optimized with the Yoast SEO plugin v24.0 - https:\/\/yoast.com\/wordpress\/plugins\/seo\/ -->\n<title>Mariage Tristan et Jenna - Photographe mariage Toulon-Hy\u00e8res, Var<\/title>\n<meta name=\"description\" content=\"Mickael Hantzer, Photographe de mariage \u00e0 Toulon Hy\u00e8res dans le Var (83), vous pr\u00e9sente le mariage de Tristan et Jenna.\" \/>\n<meta name=\"robots\" content=\"index, follow, max-snippet:-1, max-image-preview:large, max-video-preview:-1\" \/>\n<link rel=\"canonical\" href=\"https:\/\/mickaelhantzer.com\/en\/portfolio\/tristan-jenna\/\" \/>\n<meta property=\"og:locale\" content=\"en_GB\" \/>\n<meta property=\"og:type\" content=\"article\" \/>\n<meta property=\"og:title\" content=\"Mariage Tristan et Jenna - Photographe mariage Toulon-Hy\u00e8res, Var\" \/>\n<meta property=\"og:description\" content=\"Mickael Hantzer, Photographe de mariage \u00e0 Toulon Hy\u00e8res dans le Var (83), vous pr\u00e9sente le mariage de Tristan et Jenna.\" \/>\n<meta property=\"og:url\" content=\"https:\/\/mickaelhantzer.com\/en\/portfolio\/tristan-jenna\/\" \/>\n<meta property=\"og:site_name\" content=\"Photographe mariage Toulon-Hy\u00e8res, Var\" \/>\n<meta property=\"article:modified_time\" content=\"2024-12-27T09:21:54+00:00\" \/>\n<meta name=\"twitter:card\" content=\"summary_large_image\" \/>\n<meta name=\"twitter:label1\" content=\"Estimated reading time\" \/>\n\t<meta name=\"twitter:data1\" content=\"4 minutes\" \/>\n<script type=\"application\/ld+json\" class=\"yoast-schema-graph\">{\"@context\":\"https:\/\/schema.org\",\"@graph\":[{\"@type\":\"WebPage\",\"@id\":\"https:\/\/mickaelhantzer.com\/portfolio\/tristan-jenna\/\",\"url\":\"https:\/\/mickaelhantzer.com\/portfolio\/tristan-jenna\/\",\"name\":\"Mariage Tristan et Jenna - Photographe mariage Toulon-Hy\u00e8res, Var\",\"isPartOf\":{\"@id\":\"https:\/\/mickaelhantzer.com\/#website\"},\"datePublished\":\"2022-07-23T13:21:01+00:00\",\"dateModified\":\"2024-12-27T09:21:54+00:00\",\"description\":\"Mickael Hantzer, Photographe de mariage \u00e0 Toulon Hy\u00e8res dans le Var (83), vous pr\u00e9sente le mariage de Tristan et Jenna.\",\"breadcrumb\":{\"@id\":\"https:\/\/mickaelhantzer.com\/portfolio\/tristan-jenna\/#breadcrumb\"},\"inLanguage\":\"en-GB\",\"potentialAction\":[{\"@type\":\"ReadAction\",\"target\":[\"https:\/\/mickaelhantzer.com\/portfolio\/tristan-jenna\/\"]}]},{\"@type\":\"BreadcrumbList\",\"@id\":\"https:\/\/mickaelhantzer.com\/portfolio\/tristan-jenna\/#breadcrumb\",\"itemListElement\":[{\"@type\":\"ListItem\",\"position\":1,\"name\":\"Accueil\",\"item\":\"https:\/\/mickaelhantzer.com\/\"},{\"@type\":\"ListItem\",\"position\":2,\"name\":\"Portfolio\",\"item\":\"https:\/\/mickaelhantzer.com\/portfolio\/\"},{\"@type\":\"ListItem\",\"position\":3,\"name\":\"Mariage Tristan et Jenna\"}]},{\"@type\":\"WebSite\",\"@id\":\"https:\/\/mickaelhantzer.com\/#website\",\"url\":\"https:\/\/mickaelhantzer.com\/\",\"name\":\"Photographe mariage Toulon-Hy\u00e8res, Var\",\"description\":\"Mickael Hantzer\",\"alternateName\":\"Photographe de Mariage en Provence Var - Toulon Hyeres\",\"potentialAction\":[{\"@type\":\"SearchAction\",\"target\":{\"@type\":\"EntryPoint\",\"urlTemplate\":\"https:\/\/mickaelhantzer.com\/?s={search_term_string}\"},\"query-input\":{\"@type\":\"PropertyValueSpecification\",\"valueRequired\":true,\"valueName\":\"search_term_string\"}}],\"inLanguage\":\"en-GB\"}]}<\/script>\n<!-- \/ Yoast SEO plugin. -->","yoast_head_json":{"title":"Mariage Tristan et Jenna - Photographe mariage Toulon-Hy\u00e8res, Var","description":"Mickael Hantzer, Photographe de mariage \u00e0 Toulon Hy\u00e8res dans le Var (83), vous pr\u00e9sente le mariage de Tristan et Jenna.","robots":{"index":"index","follow":"follow","max-snippet":"max-snippet:-1","max-image-preview":"max-image-preview:large","max-video-preview":"max-video-preview:-1"},"canonical":"https:\/\/mickaelhantzer.com\/en\/portfolio\/tristan-jenna\/","og_locale":"en_GB","og_type":"article","og_title":"Mariage Tristan et Jenna - Photographe mariage Toulon-Hy\u00e8res, Var","og_description":"Mickael Hantzer, Photographe de mariage \u00e0 Toulon Hy\u00e8res dans le Var (83), vous pr\u00e9sente le mariage de Tristan et Jenna.","og_url":"https:\/\/mickaelhantzer.com\/en\/portfolio\/tristan-jenna\/","og_site_name":"Photographe mariage Toulon-Hy\u00e8res, Var","article_modified_time":"2024-12-27T09:21:54+00:00","twitter_card":"summary_large_image","twitter_misc":{"Estimated reading time":"4 minutes"},"schema":{"@context":"https:\/\/schema.org","@graph":[{"@type":"WebPage","@id":"https:\/\/mickaelhantzer.com\/portfolio\/tristan-jenna\/","url":"https:\/\/mickaelhantzer.com\/portfolio\/tristan-jenna\/","name":"Mariage Tristan et Jenna - Photographe mariage Toulon-Hy\u00e8res, Var","isPartOf":{"@id":"https:\/\/mickaelhantzer.com\/#website"},"datePublished":"2022-07-23T13:21:01+00:00","dateModified":"2024-12-27T09:21:54+00:00","description":"Mickael Hantzer, Photographe de mariage \u00e0 Toulon Hy\u00e8res dans le Var (83), vous pr\u00e9sente le mariage de Tristan et Jenna.","breadcrumb":{"@id":"https:\/\/mickaelhantzer.com\/portfolio\/tristan-jenna\/#breadcrumb"},"inLanguage":"en-GB","potentialAction":[{"@type":"ReadAction","target":["https:\/\/mickaelhantzer.com\/portfolio\/tristan-jenna\/"]}]},{"@type":"BreadcrumbList","@id":"https:\/\/mickaelhantzer.com\/portfolio\/tristan-jenna\/#breadcrumb","itemListElement":[{"@type":"ListItem","position":1,"name":"Accueil","item":"https:\/\/mickaelhantzer.com\/"},{"@type":"ListItem","position":2,"name":"Portfolio","item":"https:\/\/mickaelhantzer.com\/portfolio\/"},{"@type":"ListItem","position":3,"name":"Mariage Tristan et Jenna"}]},{"@type":"WebSite","@id":"https:\/\/mickaelhantzer.com\/#website","url":"https:\/\/mickaelhantzer.com\/","name":"Photographe mariage Toulon-Hy\u00e8res, Var","description":"Mickael Hantzer","alternateName":"Photographe de Mariage en Provence Var - Toulon Hyeres","potentialAction":[{"@type":"SearchAction","target":{"@type":"EntryPoint","urlTemplate":"https:\/\/mickaelhantzer.com\/?s={search_term_string}"},"query-input":{"@type":"PropertyValueSpecification","valueRequired":true,"valueName":"search_term_string"}}],"inLanguage":"en-GB"}]}},"_links":{"self":[{"href":"https:\/\/mickaelhantzer.com\/en\/wp-json\/wp\/v2\/pages\/879","targetHints":{"allow":["GET"]}}],"collection":[{"href":"https:\/\/mickaelhantzer.com\/en\/wp-json\/wp\/v2\/pages"}],"about":[{"href":"https:\/\/mickaelhantzer.com\/en\/wp-json\/wp\/v2\/types\/page"}],"author":[{"embeddable":true,"href":"https:\/\/mickaelhantzer.com\/en\/wp-json\/wp\/v2\/users\/1"}],"replies":[{"embeddable":true,"href":"https:\/\/mickaelhantzer.com\/en\/wp-json\/wp\/v2\/comments?post=879"}],"version-history":[{"count":10,"href":"https:\/\/mickaelhantzer.com\/en\/wp-json\/wp\/v2\/pages\/879\/revisions"}],"predecessor-version":[{"id":1468,"href":"https:\/\/mickaelhantzer.com\/en\/wp-json\/wp\/v2\/pages\/879\/revisions\/1468"}],"up":[{"embeddable":true,"href":"https:\/\/mickaelhantzer.com\/en\/wp-json\/wp\/v2\/pages\/14"}],"wp:attachment":[{"href":"https:\/\/mickaelhantzer.com\/en\/wp-json\/wp\/v2\/media?parent=879"}],"curies":[{"name":"wp","href":"https:\/\/api.w.org\/{rel}","templated":true}]}}